{"id":3935,"date":"2018-04-24T07:06:59","date_gmt":"2018-04-24T07:06:59","guid":{"rendered":"http:\/\/industco.themestek.com\/?page_id=3935"},"modified":"2023-10-17T12:04:34","modified_gmt":"2023-10-17T09:04:34","slug":"iletisim","status":"publish","type":"page","link":"https:\/\/atlasyol.com\/en\/iletisim\/","title":{"rendered":"Contact Us"},"content":{"rendered":"<div data-vc-full-width=\"true\" data-vc-full-width-init=\"false\" data-vc-stretch-content=\"true\" class=\"ts-row wpb_row vc_row-fluid ts-total-col-1 ts-zindex-0 ts-bgimage-position-center_center\">\n\n        \n\t\n\t <div class=\"vc_row vc_row-no-padding\"> \n\t\t\n<div class=\"ts-column wpb_column vc_column_container vc_col-sm-12 ts-zindex-0\">\n\t<div class=\"vc_column-inner\">\n\t\t\t\t<div class=\"wpb_wrapper\">\n\t\t\t\n\t<div  class=\"wpb_single_image wpb_content_element vc_align_left\">\n\t\t\n\t\t<figure class=\"wpb_wrapper vc_figure\">\n\t\t\t<div class=\"vc_single_image-wrapper   vc_box_border_grey\"><img class=\"vc_single_image-img\" src=\"https:\/\/atlasyol.com\/wp-content\/uploads\/2019\/02\/bck12.jpg\" width=\"1900\" height=\"710\" alt=\"\" title=\"\" \/><\/div>\n\t\t<\/figure>\n\t<\/div>\n\t\t<\/div>\n\t<\/div>\n<\/div>\n\n\n\t <\/div> <\/div>\n\n<div class=\"vc_row-full-width vc_clearfix\"><\/div>\n\n<div data-vc-full-width=\"true\" data-vc-full-width-init=\"false\" class=\"ts-row wpb_row vc_row-fluid vc_custom_1551185817968 ts-total-col-1 ts-zindex-0 ts-bgimage-position-center_center\">\n\n        \n\t\n\t <div class=\"vc_row container\"> \n\t\t\n<div class=\"ts-column wpb_column vc_column_container vc_col-sm-12 ts-zindex-0\">\n\t<div class=\"vc_column-inner\">\n\t\t\t\t<div class=\"wpb_wrapper\">\n\t\t\t\n\t<div  class=\"wpb_single_image wpb_content_element vc_align_left\">\n\t\t\n\t\t<figure class=\"wpb_wrapper vc_figure\">\n\t\t\t<div class=\"vc_single_image-wrapper   vc_box_border_grey\"><img class=\"vc_single_image-img\" src=\"https:\/\/atlasyol.com\/wp-content\/uploads\/2019\/02\/logo-sub18.png\" width=\"450\" height=\"75\" alt=\"\" title=\"\" \/><\/div>\n\t\t<\/figure>\n\t<\/div>\n<div class=\"vc_separator wpb_content_element vc_separator_align_center vc_sep_width_100 vc_sep_border_width_10 vc_sep_pos_align_center vc_separator_no_text\" ><span class=\"vc_sep_holder vc_sep_holder_l\"><span  style=\"border-color:#edb212;\" class=\"vc_sep_line\"><\/span><\/span><span class=\"vc_sep_holder vc_sep_holder_r\"><span  style=\"border-color:#edb212;\" class=\"vc_sep_line\"><\/span><\/span>\n<\/div><h2 style=\"font-size: 20px;text-align: left;font-family:Open Sans;font-weight:800;font-style:normal\" class=\"vc_custom_heading\" >Atlasyol Yol Maden Proje \u0130n\u015faat M\u00fcteahhitlik Dan\u0131\u015fmanl\u0131k M\u00fchendislik San. \u0130\u00e7 ve D\u0131\u015f Tic. A.\u015e.<\/h2>\t\t<\/div>\n\t<\/div>\n<\/div>\n\n\n\t <\/div> <\/div>\n\n<div class=\"vc_row-full-width vc_clearfix\"><\/div>\n\n<div class=\"ts-row wpb_row vc_row-fluid vc_custom_1613039884155 ts-total-col-3 ts-zindex-0 vc_row container ts-bgimage-position-center_center vc_row-o-full-height vc_row-o-columns-bottom\">\n\n        \n\t\n\t <div class=\"vc_row-o-equal-height vc_row-flex\"> \n\t\t\n<div class=\"ts-column wpb_column vc_column_container vc_col-sm-4 ts-zindex-0\">\n\t<div class=\"vc_column-inner\">\n\t\t\t\t<div class=\"wpb_wrapper\">\n\t\t\t<h2 style=\"font-size: 30px;color: #edb212;text-align: left;font-family:Open Sans;font-weight:800;font-style:normal\" class=\"vc_custom_heading\" >ATLASYOL HEADQUARTERS<\/h2><div class=\"vc_empty_space\"   style=\"height: 10px\"><span class=\"vc_empty_space_inner\"><\/span><\/div><ul class=\"industco_contact_widget_wrapper themestek_vc_contact_wrapper\"><li class=\"themestek-contact-phonenumber ts-industco-icon-mobile\">+90 216 465 89 23<\/li><li class=\"themestek-contact-email ts-industco-icon-comment-1\"><a href=\"mailto:info@atlasyol.com\">info@atlasyol.com<\/a><\/li><li class=\"themestek-contact-website ts-industco-icon-world\"><a href=\"https:\/\/atlasyol.com\/en\/\">http:\/\/www.atlasyol.com<\/a><\/li><li class=\"themestek-contact-address  ts-industco-icon-location-pin\">Pa\u015fabah\u00e7e Mah. \u00c7ubuklu Cad.<br \/>\nRemzibey Sk. No:9 34800<br \/>\nBeykoz \/ \u0130STANBUL \u2013 T\u00dcRK\u0130YE<\/li><\/ul><div class=\"vc_empty_space\"   style=\"height: 32px\"><span class=\"vc_empty_space_inner\"><\/span><\/div><div class=\"vc_empty_space\"   style=\"height: 32px\"><span class=\"vc_empty_space_inner\"><\/span><\/div><h2 style=\"font-size: 30px;color: #edb212;text-align: left;font-family:Open Sans;font-weight:800;font-style:normal\" class=\"vc_custom_heading\" >MERKEZ AT\u00d6LYE<\/h2><ul class=\"industco_contact_widget_wrapper themestek_vc_contact_wrapper\"><li class=\"themestek-contact-address  ts-industco-icon-location-pin\">Karayakuplu K\u00f6y\u00fc, K\u00f6rfez, Kocaeli\/\u0130ZM\u0130T<\/li><\/ul>\t\t<\/div>\n\t<\/div>\n<\/div>\n\n\n<div class=\"ts-column wpb_column vc_column_container vc_col-sm-4 ts-zindex-0\">\n\t<div class=\"vc_column-inner\">\n\t\t\t\t<div class=\"wpb_wrapper\">\n\t\t\t\n\t<div class=\"wpb_text_column wpb_content_element  vc_custom_1613039824783\" >\n\t\t<div class=\"wpb_wrapper\">\n\t\t\t<p><iframe loading=\"lazy\" style=\"border: 0;\" src=\"https:\/\/www.google.com\/maps\/embed?pb=!1m18!1m12!1m3!1d3005.9989647163716!2d29.08780661496839!3d41.11271367929037!2m3!1f0!2f0!3f0!3m2!1i1024!2i768!4f13.1!3m3!1m2!1s0x14cacaff9954b871%3A0x15f3cca230eb842c!2sPa%C5%9Fabah%C3%A7e+Mahallesi%2C+Remzi+Bey+Sk.+No%3A9%2C+34800+Beykoz%2F%C4%B0stanbul!5e0!3m2!1str!2str!4v1548518347103\" width=\"600\" height=\"300\" frameborder=\"0\" allowfullscreen=\"allowfullscreen\"><\/iframe><\/p>\n\n\t\t<\/div>\n\t<\/div>\n\n\t<div class=\"wpb_text_column wpb_content_element  vc_custom_1613039757307\" >\n\t\t<div class=\"wpb_wrapper\">\n\t\t\t<p><iframe loading=\"lazy\" style=\"border: 0;\" tabindex=\"0\" src=\"https:\/\/www.google.com\/maps\/embed?pb=!1m18!1m12!1m3!1d399.5442022229534!2d29.77903852042502!3d40.872837259188536!2m3!1f0!2f0!3f0!3m2!1i1024!2i768!4f13.1!3m3!1m2!1s0x14cb379909ce3d29%3A0xda1920fcc3bb4b99!2sAtlasyol%20A.%C5%9E%20Garaj%20(Ana%20%C5%9Eantiye)!5e0!3m2!1str!2str!4v1613039685572!5m2!1str!2str\" width=\"600\" height=\"250\" frameborder=\"0\" allowfullscreen=\"allowfullscreen\" aria-hidden=\"false\"><\/iframe><\/p>\n\n\t\t<\/div>\n\t<\/div>\n\t\t<\/div>\n\t<\/div>\n<\/div>\n\n\n<div class=\"ts-column wpb_column vc_column_container vc_col-sm-4 vc_col-has-fill ts-zindex-0\">\n\t<div class=\"vc_column-inner vc_custom_1610968183637  ts-textcolor-white ts-col-bgcolor-grey ts-col-bgcolor-yes\">\n\t\t<div class=\"ts-col-wrapper-bg-layer ts-bg-layer ts-bgimage-position-center_center\"><div class=\"ts-bg-layer-inner\"><\/div><\/div>\t\t<div class=\"wpb_wrapper\">\n\t\t\t\n\t<div class=\"wpb_text_column wpb_content_element  vc_custom_1610970558081\" >\n\t\t<div class=\"wpb_wrapper\">\n\t\t\t<h5><span style=\"color: #000000;\"><strong><span style=\"vertical-align: inherit;\"><span style=\"vertical-align: inherit;\"><span style=\"vertical-align: inherit;\"><span style=\"vertical-align: inherit;\"><span style=\"vertical-align: inherit;\"><span style=\"vertical-align: inherit;\"><span style=\"vertical-align: inherit;\"><span style=\"vertical-align: inherit;\"><span style=\"vertical-align: inherit;\"><span style=\"vertical-align: inherit;\"><span style=\"vertical-align: inherit;\"><span style=\"vertical-align: inherit;\"><span style=\"vertical-align: inherit;\"><span style=\"vertical-align: inherit;\"><span style=\"vertical-align: inherit;\"><span style=\"vertical-align: inherit;\"><span style=\"vertical-align: inherit;\"><span style=\"vertical-align: inherit;\"><span style=\"vertical-align: inherit;\"><span style=\"vertical-align: inherit;\"><span style=\"vertical-align: inherit;\"><span style=\"vertical-align: inherit;\">You can send us your requests or thoughts by using the form below<\/span><\/span><\/span><\/span><\/span><\/span><\/span><\/span><\/span><\/span><\/span><\/span><\/span><\/span><\/span><\/span><\/span><\/span><\/span><\/span><\/span><\/span><\/strong><\/span><\/h5>\n\n\t\t<\/div>\n\t<\/div>\n\t\t<\/div>\n\t<\/div>\n<\/div>\n\n\n\t <\/div> <\/div>\n\n\n\n<div data-vc-full-width=\"true\" data-vc-full-width-init=\"false\" data-vc-stretch-content=\"true\" class=\"ts-row wpb_row vc_row-fluid vc_custom_1551185068690 ts-total-col-1 ts-zindex-0 ts-bgimage-position-center_center\">\n\n        \n\t\n\t <div class=\"vc_row vc_row-no-padding\"> \n\t\t\n<div class=\"ts-column wpb_column vc_column_container vc_col-sm-12 ts-zindex-0\">\n\t<div class=\"vc_column-inner\">\n\t\t\t\t<div class=\"wpb_wrapper\">\n\t\t\t\t\t<\/div>\n\t<\/div>\n<\/div>\n\n\n\t <\/div> <\/div>\n\n<div class=\"vc_row-full-width vc_clearfix\"><\/div>","protected":false},"excerpt":{"rendered":"Atlasyol Yol Maden Proje \u0130n\u015faat M\u00fcteahhitlik Dan\u0131\u015fmanl\u0131k M\u00fchendislik San. \u0130\u00e7 ve D\u0131\u015f Tic. A.\u015e. \u015e\u0130RKET MERKEZ\u0130+90 216 465 89 23info@atlasyol.comhttp:\/\/www.atlasyol.comPa\u015fabah\u00e7e Mah. \u00c7ubuklu Cad. Remzibey Sk. No:9 34800 Beykoz \/ \u0130STANBUL \u2013 T\u00dcRK\u0130YEMERKEZ AT\u00d6LYEKarayakuplu K\u00f6y\u00fc, K\u00f6rfez, Kocaeli\/\u0130ZM\u0130T A\u015fa\u011f\u0131daki ileti\u015fim formunu kullanarak bize ula\u015fabilirsiniz.","protected":false},"author":1,"featured_media":0,"parent":0,"menu_order":25,"comment_status":"closed","ping_status":"closed","template":"","meta":[],"_links":{"self":[{"href":"https:\/\/atlasyol.com\/en\/wp-json\/wp\/v2\/pages\/3935"}],"collection":[{"href":"https:\/\/atlasyol.com\/en\/wp-json\/wp\/v2\/pages"}],"about":[{"href":"https:\/\/atlasyol.com\/en\/wp-json\/wp\/v2\/types\/page"}],"author":[{"embeddable":true,"href":"https:\/\/atlasyol.com\/en\/wp-json\/wp\/v2\/users\/1"}],"replies":[{"embeddable":true,"href":"https:\/\/atlasyol.com\/en\/wp-json\/wp\/v2\/comments?post=3935"}],"version-history":[{"count":21,"href":"https:\/\/atlasyol.com\/en\/wp-json\/wp\/v2\/pages\/3935\/revisions"}],"predecessor-version":[{"id":8660,"href":"https:\/\/atlasyol.com\/en\/wp-json\/wp\/v2\/pages\/3935\/revisions\/8660"}],"wp:attachment":[{"href":"https:\/\/atlasyol.com\/en\/wp-json\/wp\/v2\/media?parent=3935"}],"curies":[{"name":"wp","href":"https:\/\/api.w.org\/{rel}","templated":true}]}}