{"id":4291,"date":"2018-05-06T11:50:11","date_gmt":"2018-05-06T11:50:11","guid":{"rendered":"http:\/\/industco.themestek.com\/?page_id=4291"},"modified":"2022-10-20T11:24:12","modified_gmt":"2022-10-20T08:24:12","slug":"basinda-biz","status":"publish","type":"page","link":"https:\/\/atlasyol.com\/en\/basinda-biz\/","title":{"rendered":"News &amp; Events"},"content":{"rendered":"<div data-vc-full-width=\"true\" data-vc-full-width-init=\"false\" data-vc-stretch-content=\"true\" class=\"ts-row wpb_row vc_row-fluid ts-total-col-1 ts-zindex-0 ts-bgimage-position-center_center\">\n\n        \n\t\n\t <div class=\"vc_row vc_row-no-padding\"> \n\t\t\n<div class=\"ts-column wpb_column vc_column_container vc_col-sm-12 ts-zindex-0\">\n\t<div class=\"vc_column-inner\">\n\t\t\t\t<div class=\"wpb_wrapper\">\n\t\t\t\n\t<div  class=\"wpb_single_image wpb_content_element vc_align_left\">\n\t\t\n\t\t<figure class=\"wpb_wrapper vc_figure\">\n\t\t\t<div class=\"vc_single_image-wrapper   vc_box_border_grey\"><img class=\"vc_single_image-img\" src=\"https:\/\/atlasyol.com\/wp-content\/uploads\/2021\/02\/Sariyahsi-1900.jpg\" width=\"1900\" height=\"710\" alt=\"Sar\u0131yah\u015fi 1900\" title=\"Sar\u0131yah\u015fi 1900\" \/><\/div>\n\t\t<\/figure>\n\t<\/div>\n\t\t<\/div>\n\t<\/div>\n<\/div>\n\n\n\t <\/div> <\/div>\n\n<div class=\"vc_row-full-width vc_clearfix\"><\/div>\n\n<div class=\"ts-row wpb_row vc_row-fluid vc_custom_1550914761722 ts-total-col-1 ts-zindex-0 vc_row container ts-bgimage-position-center_center\">\n\n        \n\t\n\t\n\t\t\n<div class=\"ts-column wpb_column vc_column_container vc_col-sm-12 ts-zindex-0\">\n\t<div class=\"vc_column-inner\">\n\t\t\t\t<div class=\"wpb_wrapper\">\n\t\t\t\n\t<div  class=\"wpb_single_image wpb_content_element vc_align_center\">\n\t\t\n\t\t<figure class=\"wpb_wrapper vc_figure\">\n\t\t\t<div class=\"vc_single_image-wrapper   vc_box_border_grey\"><img class=\"vc_single_image-img\" src=\"https:\/\/atlasyol.com\/wp-content\/uploads\/2022\/12\/recent_news.png\" width=\"450\" height=\"75\" alt=\"\" title=\"\" \/><\/div>\n\t\t<\/figure>\n\t<\/div>\n\t\t<\/div>\n\t<\/div>\n<\/div>\n\n\n\t<\/div>\n\n\n\n<div class=\"ts-row wpb_row vc_row-fluid ts-total-col-1 ts-zindex-0 vc_row container ts-bgimage-position-center_center\">\n\n        \n\t\n\t\n\t\t\n<div class=\"ts-column wpb_column vc_column_container vc_col-sm-12 ts-zindex-0\">\n\t<div class=\"vc_column-inner\">\n\t\t\t\t<div class=\"wpb_wrapper\">\n\t\t\t<div class=\"themestek-boxes themestek-boxes-blog themestek-boxes-view-default themestek-boxes-col-three themestek-boxes-sortable-no themestek-boxes-textalign-center themestek-boxes-sortablebutton-\">\n\t\t<div class=\"themestek-boxes-inner themestek-boxes-blog-inner\">\n\t\t\t\n\t\t\t<div class=\"row multi-columns-row themestek-boxes-row-wrapper\">\n\t\t\t\t<div class=\"ts-box-col-wrapper col-lg-4 col-sm-6 col-md-4 col-xs-12 haberler\"><article class=\"themestek-box themestek-box-blog ts-blogbox-style-1 themestek-box-style1 themestek-blogbox-format-\">\n\t<div class=\"post-item\">\n\t\t\n\t\t<div class=\"ts-blog-image-with-meta\">\n\t\t\t<div class=\"ts-featured-wrapper ts-post-featured-wrapper ts-post-format-\"><a href=\"https:\/\/atlasyol.com\/en\/2021\/05\/27\/marinalar-bir-ulkenin-belkemigini-olusturur\/\"><img width=\"1024\" height=\"683\" src=\"https:\/\/atlasyol.com\/wp-content\/uploads\/2021\/05\/Yacht-Life.jpg\" class=\"attachment-themestek-img-800x700 size-themestek-img-800x700 wp-post-image\" alt=\"\" loading=\"lazy\" srcset=\"https:\/\/atlasyol.com\/wp-content\/uploads\/2021\/05\/Yacht-Life.jpg 1024w, https:\/\/atlasyol.com\/wp-content\/uploads\/2021\/05\/Yacht-Life-300x200.jpg 300w, https:\/\/atlasyol.com\/wp-content\/uploads\/2021\/05\/Yacht-Life-768x512.jpg 768w\" sizes=\"(max-width: 1024px) 100vw, 1024px\" \/><\/a><\/div>\t\t\t\t\t<div class=\"ts-featured-meta-wrapper ts-featured-overlay\">\t\t\t\t\t\t\t\n\n\t\t\t\t\t\t\t\t\t\t\t\t\t<span class=\"ts-meta-line cat-links\"><i class=\"ts-industco-icon-category\"><\/i> <span class=\"screen-reader-text ts-hide\">Categories <\/span><a href=\"https:\/\/atlasyol.com\/en\/category\/haberler\/\">Haberler<\/a><\/span>\n\t\t\t\t\t\t\n\t\t\t\t\t\t\t\t\t\t\t\t<span class=\"ts-meta-line posted-on\">\n\t\t\t\t\t\t\t<i class=\"ts-industco-icon-clock\"><\/i> \n\t\t\t\t\t\t\t<span class=\"screen-reader-text ts-hide\">Posted on <\/span>\n\t\t\t\t\t\t\t<a href=\"https:\/\/atlasyol.com\/en\/2021\/05\/27\/marinalar-bir-ulkenin-belkemigini-olusturur\/\" rel=\"bookmark\">\n\t\t\t\t\t\t\t\t<time class=\"entry-date published\" datetime=\"2021-05-27T09:14:04+03:00\">27 May 2021<\/time>\n\t\t\t\t\t\t\t\t<time class=\"updated ts-hide\" datetime=\"2022-10-20T12:35:13+03:00\">20 October 2022<\/time>\n\t\t\t\t\t\t\t<\/a>\n\t\t\t\t\t\t<\/span>\n\n\t\t\t\t\t<\/div>\n\t\t<\/div>\t\t\n\n\t\t<div class=\"themestek-box-content\">\t\n\t\t\t<div class=\"themestek-box-title\"><h4><a href=\"https:\/\/atlasyol.com\/en\/2021\/05\/27\/marinalar-bir-ulkenin-belkemigini-olusturur\/\">Marinalar Bir \u00dclkenin Belkemi\u011fini Olu\u015fturur<\/a><\/h4><\/div>\t\t\t<div class=\"themestek-box-desc\">\n\t\t\t\t<div class=\"themestek-box-desc-text\">Kurucular\u0131m\u0131z, Yacht Life & Travel dergisi May\u0131s say\u0131s\u0131nda marina yap\u0131m\u0131na dair tecr\u00fcbelerini aktard\u0131.<\/div>\n\t\t\t<\/div>\n\n\t\t\t<div class=\"themestek-blogbox-footer-readmore\">\n\t\t\t\t\t\t\t<\/div>\n\n\t\t<\/div>\n\t<\/div>\n<\/article>\n\n<\/div><div class=\"ts-box-col-wrapper col-lg-4 col-sm-6 col-md-4 col-xs-12 haberler\"><article class=\"themestek-box themestek-box-blog ts-blogbox-style-1 themestek-box-style1 themestek-blogbox-format-aside\">\n\t<div class=\"post-item\">\n\t\t\n\t\t<div class=\"ts-blog-image-with-meta\">\n\t\t\t<div class=\"ts-featured-wrapper ts-post-featured-wrapper ts-post-format-aside\"><a href=\"https:\/\/atlasyol.com\/en\/2018\/02\/18\/huesker-new-animation-about-underwater-foundation-with-ringtrac\/\"><img width=\"1200\" height=\"800\" src=\"https:\/\/atlasyol.com\/wp-content\/uploads\/2018\/02\/news9-1.jpg\" class=\"attachment-themestek-img-800x700 size-themestek-img-800x700 wp-post-image\" alt=\"\" loading=\"lazy\" srcset=\"https:\/\/atlasyol.com\/wp-content\/uploads\/2018\/02\/news9-1.jpg 1200w, https:\/\/atlasyol.com\/wp-content\/uploads\/2018\/02\/news9-1-300x200.jpg 300w, https:\/\/atlasyol.com\/wp-content\/uploads\/2018\/02\/news9-1-1024x683.jpg 1024w, https:\/\/atlasyol.com\/wp-content\/uploads\/2018\/02\/news9-1-768x512.jpg 768w\" sizes=\"(max-width: 1200px) 100vw, 1200px\" \/><\/a><\/div>\t\t\t\t\t<div class=\"ts-featured-meta-wrapper ts-featured-overlay\">\t\t\t\t\t\t\t\n\n\t\t\t\t\t\t\t\t\t\t\t\t\t<span class=\"ts-meta-line cat-links\"><i class=\"ts-industco-icon-category\"><\/i> <span class=\"screen-reader-text ts-hide\">Categories <\/span><a href=\"https:\/\/atlasyol.com\/en\/category\/haberler\/\">Haberler<\/a><\/span>\n\t\t\t\t\t\t\n\t\t\t\t\t\t\t\t\t\t\t\t<span class=\"ts-meta-line posted-on\">\n\t\t\t\t\t\t\t<i class=\"ts-industco-icon-clock\"><\/i> \n\t\t\t\t\t\t\t<span class=\"screen-reader-text ts-hide\">Posted on <\/span>\n\t\t\t\t\t\t\t<a href=\"https:\/\/atlasyol.com\/en\/2018\/02\/18\/huesker-new-animation-about-underwater-foundation-with-ringtrac\/\" rel=\"bookmark\">\n\t\t\t\t\t\t\t\t<time class=\"entry-date published\" datetime=\"2018-02-18T09:49:46+03:00\">18 February 2018<\/time>\n\t\t\t\t\t\t\t\t<time class=\"updated ts-hide\" datetime=\"2022-10-20T12:37:39+03:00\">20 October 2022<\/time>\n\t\t\t\t\t\t\t<\/a>\n\t\t\t\t\t\t<\/span>\n\n\t\t\t\t\t<\/div>\n\t\t<\/div>\t\t\n\n\t\t<div class=\"themestek-box-content\">\t\n\t\t\t<div class=\"themestek-box-title\"><h4><a href=\"https:\/\/atlasyol.com\/en\/2018\/02\/18\/huesker-new-animation-about-underwater-foundation-with-ringtrac\/\">Huesker: New Animation About Underwater Foundation with Ringtrac<\/a><\/h4><\/div>\t\t\t<div class=\"themestek-box-desc\">\n\t\t\t\t<div class=\"themestek-box-desc-text\">A new animation \u201cRingtrac\u00ae enables underwater foundation of a 20m high road embankment\u201d shows the use of Geotextile Encased Columns (GECs) for a secure reinforcement of an embankment.<\/div>\n\t\t\t<\/div>\n\n\t\t\t<div class=\"themestek-blogbox-footer-readmore\">\n\t\t\t\t\t\t\t<\/div>\n\n\t\t<\/div>\n\t<\/div>\n<\/article>\n\n<\/div><div class=\"ts-box-col-wrapper col-lg-4 col-sm-6 col-md-4 col-xs-12 haberler\"><article class=\"themestek-box themestek-box-blog ts-blogbox-style-1 themestek-box-style1 themestek-blogbox-format-\">\n\t<div class=\"post-item\">\n\t\t\n\t\t<div class=\"ts-blog-image-with-meta\">\n\t\t\t<div class=\"ts-featured-wrapper ts-post-featured-wrapper ts-post-format-\"><a href=\"https:\/\/atlasyol.com\/en\/2018\/01\/21\/cm-sindh-presided-meeting-over-mega-development-package-for-keenjhar-lake\/\"><img width=\"1200\" height=\"800\" src=\"https:\/\/atlasyol.com\/wp-content\/uploads\/2018\/01\/news10.jpg\" class=\"attachment-themestek-img-800x700 size-themestek-img-800x700 wp-post-image\" alt=\"\" loading=\"lazy\" srcset=\"https:\/\/atlasyol.com\/wp-content\/uploads\/2018\/01\/news10.jpg 1200w, https:\/\/atlasyol.com\/wp-content\/uploads\/2018\/01\/news10-300x200.jpg 300w, https:\/\/atlasyol.com\/wp-content\/uploads\/2018\/01\/news10-768x512.jpg 768w, https:\/\/atlasyol.com\/wp-content\/uploads\/2018\/01\/news10-1024x683.jpg 1024w\" sizes=\"(max-width: 1200px) 100vw, 1200px\" \/><\/a><\/div>\t\t\t\t\t<div class=\"ts-featured-meta-wrapper ts-featured-overlay\">\t\t\t\t\t\t\t\n\n\t\t\t\t\t\t\t\t\t\t\t\t\t<span class=\"ts-meta-line cat-links\"><i class=\"ts-industco-icon-category\"><\/i> <span class=\"screen-reader-text ts-hide\">Categories <\/span><a href=\"https:\/\/atlasyol.com\/en\/category\/haberler\/\">Haberler<\/a><\/span>\n\t\t\t\t\t\t\n\t\t\t\t\t\t\t\t\t\t\t\t<span class=\"ts-meta-line posted-on\">\n\t\t\t\t\t\t\t<i class=\"ts-industco-icon-clock\"><\/i> \n\t\t\t\t\t\t\t<span class=\"screen-reader-text ts-hide\">Posted on <\/span>\n\t\t\t\t\t\t\t<a href=\"https:\/\/atlasyol.com\/en\/2018\/01\/21\/cm-sindh-presided-meeting-over-mega-development-package-for-keenjhar-lake\/\" rel=\"bookmark\">\n\t\t\t\t\t\t\t\t<time class=\"entry-date published\" datetime=\"2018-01-21T10:43:28+03:00\">21 January 2018<\/time>\n\t\t\t\t\t\t\t\t<time class=\"updated ts-hide\" datetime=\"2022-10-20T12:37:46+03:00\">20 October 2022<\/time>\n\t\t\t\t\t\t\t<\/a>\n\t\t\t\t\t\t<\/span>\n\n\t\t\t\t\t<\/div>\n\t\t<\/div>\t\t\n\n\t\t<div class=\"themestek-box-content\">\t\n\t\t\t<div class=\"themestek-box-title\"><h4><a href=\"https:\/\/atlasyol.com\/en\/2018\/01\/21\/cm-sindh-presided-meeting-over-mega-development-package-for-keenjhar-lake\/\">CM Sindh Presided Meeting Over \u2018Mega Development Package\u2019 For Keenjhar Lake<\/a><\/h4><\/div>\t\t\t<div class=\"themestek-box-desc\">\n\t\t\t\t<div class=\"themestek-box-desc-text\">The Chief Minister Sindh Syed Qaim Ali Shah today presiding over a meeting, nodded for launching a Mega Development Package for lining of 43-km long K.B. feeder upper cannel from Keenjhar Lake to Karachi at its estimated cost of Rs 20 billion to avoid the water losses due to the seepage and use the saved water for K-4 water project of Karachi and irrigation purpose of lower Sindh.<\/div>\n\t\t\t<\/div>\n\n\t\t\t<div class=\"themestek-blogbox-footer-readmore\">\n\t\t\t\t\t\t\t<\/div>\n\n\t\t<\/div>\n\t<\/div>\n<\/article>\n\n<\/div><div class=\"ts-box-col-wrapper col-lg-4 col-sm-6 col-md-4 col-xs-12 haberler\"><article class=\"themestek-box themestek-box-blog ts-blogbox-style-1 themestek-box-style1 themestek-blogbox-format-image\">\n\t<div class=\"post-item\">\n\t\t\n\t\t<div class=\"ts-blog-image-with-meta\">\n\t\t\t<div class=\"ts-featured-wrapper ts-post-featured-wrapper ts-post-format-image\"><a href=\"https:\/\/atlasyol.com\/en\/2017\/09\/29\/cm-okays-rs20-bn-project-for-lining-kb-feeder\/\"><img width=\"1200\" height=\"800\" src=\"https:\/\/atlasyol.com\/wp-content\/uploads\/2017\/09\/news11-1.jpg\" class=\"attachment-themestek-img-800x700 size-themestek-img-800x700 wp-post-image\" alt=\"\" loading=\"lazy\" srcset=\"https:\/\/atlasyol.com\/wp-content\/uploads\/2017\/09\/news11-1.jpg 1200w, https:\/\/atlasyol.com\/wp-content\/uploads\/2017\/09\/news11-1-300x200.jpg 300w, https:\/\/atlasyol.com\/wp-content\/uploads\/2017\/09\/news11-1-1024x683.jpg 1024w, https:\/\/atlasyol.com\/wp-content\/uploads\/2017\/09\/news11-1-768x512.jpg 768w\" sizes=\"(max-width: 1200px) 100vw, 1200px\" \/><\/a><\/div>\t\t\t\t\t<div class=\"ts-featured-meta-wrapper ts-featured-overlay\">\t\t\t\t\t\t\t\n\n\t\t\t\t\t\t\t\t\t\t\t\t\t<span class=\"ts-meta-line cat-links\"><i class=\"ts-industco-icon-category\"><\/i> <span class=\"screen-reader-text ts-hide\">Categories <\/span><a href=\"https:\/\/atlasyol.com\/en\/category\/haberler\/\">Haberler<\/a><\/span>\n\t\t\t\t\t\t\n\t\t\t\t\t\t\t\t\t\t\t\t<span class=\"ts-meta-line posted-on\">\n\t\t\t\t\t\t\t<i class=\"ts-industco-icon-clock\"><\/i> \n\t\t\t\t\t\t\t<span class=\"screen-reader-text ts-hide\">Posted on <\/span>\n\t\t\t\t\t\t\t<a href=\"https:\/\/atlasyol.com\/en\/2017\/09\/29\/cm-okays-rs20-bn-project-for-lining-kb-feeder\/\" rel=\"bookmark\">\n\t\t\t\t\t\t\t\t<time class=\"entry-date published\" datetime=\"2017-09-29T11:39:15+03:00\">29 September 2017<\/time>\n\t\t\t\t\t\t\t\t<time class=\"updated ts-hide\" datetime=\"2022-10-20T12:37:03+03:00\">20 October 2022<\/time>\n\t\t\t\t\t\t\t<\/a>\n\t\t\t\t\t\t<\/span>\n\n\t\t\t\t\t<\/div>\n\t\t<\/div>\t\t\n\n\t\t<div class=\"themestek-box-content\">\t\n\t\t\t<div class=\"themestek-box-title\"><h4><a href=\"https:\/\/atlasyol.com\/en\/2017\/09\/29\/cm-okays-rs20-bn-project-for-lining-kb-feeder\/\">CM Okays Rs20 Bn Project For Lining Kb Feeder<\/a><\/h4><\/div>\t\t\t<div class=\"themestek-box-desc\">\n\t\t\t\t<div class=\"themestek-box-desc-text\">Sindh Chief Minister Syed Qaim Ali Shah approved a mega development project for lining the 43-kilometre long Kalri-Baghar (KB) Feeder from Keenjhar Lake to Karachi at an estimate cost of Rs20 billion on Wednesday.<\/div>\n\t\t\t<\/div>\n\n\t\t\t<div class=\"themestek-blogbox-footer-readmore\">\n\t\t\t\t\t\t\t<\/div>\n\n\t\t<\/div>\n\t<\/div>\n<\/article>\n\n<\/div><div class=\"ts-box-col-wrapper col-lg-4 col-sm-6 col-md-4 col-xs-12 haberler\"><article class=\"themestek-box themestek-box-blog ts-blogbox-style-1 themestek-box-style1 themestek-blogbox-format-image\">\n\t<div class=\"post-item\">\n\t\t\n\t\t<div class=\"ts-blog-image-with-meta\">\n\t\t\t<div class=\"ts-featured-wrapper ts-post-featured-wrapper ts-post-format-image\"><a href=\"https:\/\/atlasyol.com\/en\/2017\/09\/27\/we-won-best-factory-award-of-the-year-2015-16\/\"><img width=\"1200\" height=\"800\" src=\"https:\/\/atlasyol.com\/wp-content\/uploads\/2017\/09\/news11-2.jpg\" class=\"attachment-themestek-img-800x700 size-themestek-img-800x700 wp-post-image\" alt=\"\" loading=\"lazy\" srcset=\"https:\/\/atlasyol.com\/wp-content\/uploads\/2017\/09\/news11-2.jpg 1200w, https:\/\/atlasyol.com\/wp-content\/uploads\/2017\/09\/news11-2-300x200.jpg 300w, https:\/\/atlasyol.com\/wp-content\/uploads\/2017\/09\/news11-2-1024x683.jpg 1024w, https:\/\/atlasyol.com\/wp-content\/uploads\/2017\/09\/news11-2-768x512.jpg 768w\" sizes=\"(max-width: 1200px) 100vw, 1200px\" \/><\/a><\/div>\t\t\t\t\t<div class=\"ts-featured-meta-wrapper ts-featured-overlay\">\t\t\t\t\t\t\t\n\n\t\t\t\t\t\t\t\t\t\t\t\t\t<span class=\"ts-meta-line cat-links\"><i class=\"ts-industco-icon-category\"><\/i> <span class=\"screen-reader-text ts-hide\">Categories <\/span><a href=\"https:\/\/atlasyol.com\/en\/category\/haberler\/\">Haberler<\/a><\/span>\n\t\t\t\t\t\t\n\t\t\t\t\t\t\t\t\t\t\t\t<span class=\"ts-meta-line posted-on\">\n\t\t\t\t\t\t\t<i class=\"ts-industco-icon-clock\"><\/i> \n\t\t\t\t\t\t\t<span class=\"screen-reader-text ts-hide\">Posted on <\/span>\n\t\t\t\t\t\t\t<a href=\"https:\/\/atlasyol.com\/en\/2017\/09\/27\/we-won-best-factory-award-of-the-year-2015-16\/\" rel=\"bookmark\">\n\t\t\t\t\t\t\t\t<time class=\"entry-date published\" datetime=\"2017-09-27T09:06:30+03:00\">27 September 2017<\/time>\n\t\t\t\t\t\t\t\t<time class=\"updated ts-hide\" datetime=\"2022-10-20T12:38:14+03:00\">20 October 2022<\/time>\n\t\t\t\t\t\t\t<\/a>\n\t\t\t\t\t\t<\/span>\n\n\t\t\t\t\t<\/div>\n\t\t<\/div>\t\t\n\n\t\t<div class=\"themestek-box-content\">\t\n\t\t\t<div class=\"themestek-box-title\"><h4><a href=\"https:\/\/atlasyol.com\/en\/2017\/09\/27\/we-won-best-factory-award-of-the-year-2015-16\/\">Working Through Water<\/a><\/h4><\/div>\t\t\t<div class=\"themestek-box-desc\">\n\t\t\t\t<div class=\"themestek-box-desc-text\">We provide complete process piping capabilities for industrial from pulp and paper.<\/div>\n\t\t\t<\/div>\n\n\t\t\t<div class=\"themestek-blogbox-footer-readmore\">\n\t\t\t\t\t\t\t<\/div>\n\n\t\t<\/div>\n\t<\/div>\n<\/article>\n\n<\/div><div class=\"ts-box-col-wrapper col-lg-4 col-sm-6 col-md-4 col-xs-12 haberler\"><article class=\"themestek-box themestek-box-blog ts-blogbox-style-1 themestek-box-style1 themestek-blogbox-format-\">\n\t<div class=\"post-item\">\n\t\t\n\t\t<div class=\"ts-blog-image-with-meta\">\n\t\t\t<div class=\"ts-featured-wrapper ts-post-featured-wrapper ts-post-format-\"><a href=\"https:\/\/atlasyol.com\/en\/2017\/09\/23\/baskan-gumrukcuoglu-gulcemal-projesi-tahkimat-calismalarini-denetledi\/\"><img width=\"1200\" height=\"800\" src=\"https:\/\/atlasyol.com\/wp-content\/uploads\/2017\/09\/news13.jpg\" class=\"attachment-themestek-img-800x700 size-themestek-img-800x700 wp-post-image\" alt=\"\" loading=\"lazy\" srcset=\"https:\/\/atlasyol.com\/wp-content\/uploads\/2017\/09\/news13.jpg 1200w, https:\/\/atlasyol.com\/wp-content\/uploads\/2017\/09\/news13-300x200.jpg 300w, https:\/\/atlasyol.com\/wp-content\/uploads\/2017\/09\/news13-768x512.jpg 768w, https:\/\/atlasyol.com\/wp-content\/uploads\/2017\/09\/news13-1024x683.jpg 1024w\" sizes=\"(max-width: 1200px) 100vw, 1200px\" \/><\/a><\/div>\t\t\t\t\t<div class=\"ts-featured-meta-wrapper ts-featured-overlay\">\t\t\t\t\t\t\t\n\n\t\t\t\t\t\t\t\t\t\t\t\t\t<span class=\"ts-meta-line cat-links\"><i class=\"ts-industco-icon-category\"><\/i> <span class=\"screen-reader-text ts-hide\">Categories <\/span><a href=\"https:\/\/atlasyol.com\/en\/category\/haberler\/\">Haberler<\/a><\/span>\n\t\t\t\t\t\t\n\t\t\t\t\t\t\t\t\t\t\t\t<span class=\"ts-meta-line posted-on\">\n\t\t\t\t\t\t\t<i class=\"ts-industco-icon-clock\"><\/i> \n\t\t\t\t\t\t\t<span class=\"screen-reader-text ts-hide\">Posted on <\/span>\n\t\t\t\t\t\t\t<a href=\"https:\/\/atlasyol.com\/en\/2017\/09\/23\/baskan-gumrukcuoglu-gulcemal-projesi-tahkimat-calismalarini-denetledi\/\" rel=\"bookmark\">\n\t\t\t\t\t\t\t\t<time class=\"entry-date published\" datetime=\"2017-09-23T09:02:25+03:00\">23 September 2017<\/time>\n\t\t\t\t\t\t\t\t<time class=\"updated ts-hide\" datetime=\"2022-10-20T12:38:34+03:00\">20 October 2022<\/time>\n\t\t\t\t\t\t\t<\/a>\n\t\t\t\t\t\t<\/span>\n\n\t\t\t\t\t<\/div>\n\t\t<\/div>\t\t\n\n\t\t<div class=\"themestek-box-content\">\t\n\t\t\t<div class=\"themestek-box-title\"><h4><a href=\"https:\/\/atlasyol.com\/en\/2017\/09\/23\/baskan-gumrukcuoglu-gulcemal-projesi-tahkimat-calismalarini-denetledi\/\">The mayor of Trabzon Metropolitan Municipality Mr. G\u00fcmr\u00fck\u00e7\u00fco\u011flu has visited the site of G\u00fclcemal Project.<\/a><\/h4><\/div>\t\t\t<div class=\"themestek-box-desc\">\n\t\t\t\t<div class=\"themestek-box-desc-text\">Mayor G\u00fcm\u00fck\u00e7\u00fco\u011flu said that the project continues as planned\u2026<\/div>\n\t\t\t<\/div>\n\n\t\t\t<div class=\"themestek-blogbox-footer-readmore\">\n\t\t\t\t\t\t\t<\/div>\n\n\t\t<\/div>\n\t<\/div>\n<\/article>\n\n<\/div><div class=\"ts-box-col-wrapper col-lg-4 col-sm-6 col-md-4 col-xs-12 haberler\"><article class=\"themestek-box themestek-box-blog ts-blogbox-style-1 themestek-box-style1 themestek-blogbox-format-\">\n\t<div class=\"post-item\">\n\t\t\n\t\t<div class=\"ts-blog-image-with-meta\">\n\t\t\t<div class=\"ts-featured-wrapper ts-post-featured-wrapper ts-post-format-\"><a href=\"https:\/\/atlasyol.com\/en\/2017\/09\/22\/gulcemal-projesinin-ilk-adimi-atildi\/\"><img width=\"1200\" height=\"800\" src=\"https:\/\/atlasyol.com\/wp-content\/uploads\/2017\/09\/news14.jpg\" class=\"attachment-themestek-img-800x700 size-themestek-img-800x700 wp-post-image\" alt=\"\" loading=\"lazy\" srcset=\"https:\/\/atlasyol.com\/wp-content\/uploads\/2017\/09\/news14.jpg 1200w, https:\/\/atlasyol.com\/wp-content\/uploads\/2017\/09\/news14-300x200.jpg 300w, https:\/\/atlasyol.com\/wp-content\/uploads\/2017\/09\/news14-768x512.jpg 768w, https:\/\/atlasyol.com\/wp-content\/uploads\/2017\/09\/news14-1024x683.jpg 1024w\" sizes=\"(max-width: 1200px) 100vw, 1200px\" \/><\/a><\/div>\t\t\t\t\t<div class=\"ts-featured-meta-wrapper ts-featured-overlay\">\t\t\t\t\t\t\t\n\n\t\t\t\t\t\t\t\t\t\t\t\t\t<span class=\"ts-meta-line cat-links\"><i class=\"ts-industco-icon-category\"><\/i> <span class=\"screen-reader-text ts-hide\">Categories <\/span><a href=\"https:\/\/atlasyol.com\/en\/category\/haberler\/\">Haberler<\/a><\/span>\n\t\t\t\t\t\t\n\t\t\t\t\t\t\t\t\t\t\t\t<span class=\"ts-meta-line posted-on\">\n\t\t\t\t\t\t\t<i class=\"ts-industco-icon-clock\"><\/i> \n\t\t\t\t\t\t\t<span class=\"screen-reader-text ts-hide\">Posted on <\/span>\n\t\t\t\t\t\t\t<a href=\"https:\/\/atlasyol.com\/en\/2017\/09\/22\/gulcemal-projesinin-ilk-adimi-atildi\/\" rel=\"bookmark\">\n\t\t\t\t\t\t\t\t<time class=\"entry-date published\" datetime=\"2017-09-22T08:57:40+03:00\">22 September 2017<\/time>\n\t\t\t\t\t\t\t\t<time class=\"updated ts-hide\" datetime=\"2022-10-20T12:38:49+03:00\">20 October 2022<\/time>\n\t\t\t\t\t\t\t<\/a>\n\t\t\t\t\t\t<\/span>\n\n\t\t\t\t\t<\/div>\n\t\t<\/div>\t\t\n\n\t\t<div class=\"themestek-box-content\">\t\n\t\t\t<div class=\"themestek-box-title\"><h4><a href=\"https:\/\/atlasyol.com\/en\/2017\/09\/22\/gulcemal-projesinin-ilk-adimi-atildi\/\">G\u00fclcemal Projesinin \u0130lk Ad\u0131m\u0131 At\u0131ld\u0131<\/a><\/h4><\/div>\t\t\t<div class=\"themestek-box-desc\">\n\t\t\t\t<div class=\"themestek-box-desc-text\">Trabzon B\u00fcy\u00fck\u015fehir Belediye Ba\u015fkan\u0131 Dr. Orhan Fevzi G\u00fcmr\u00fck\u00e7\u00fco\u011flu tahkimat \u00e7al\u0131\u015fmalar\u0131...<\/div>\n\t\t\t<\/div>\n\n\t\t\t<div class=\"themestek-blogbox-footer-readmore\">\n\t\t\t\t\t\t\t<\/div>\n\n\t\t<\/div>\n\t<\/div>\n<\/article>\n\n<\/div><div class=\"ts-box-col-wrapper col-lg-4 col-sm-6 col-md-4 col-xs-12 haberler\"><article class=\"themestek-box themestek-box-blog ts-blogbox-style-1 themestek-box-style1 themestek-blogbox-format-\">\n\t<div class=\"post-item\">\n\t\t\n\t\t<div class=\"ts-blog-image-with-meta\">\n\t\t\t<div class=\"ts-featured-wrapper ts-post-featured-wrapper ts-post-format-\"><a href=\"https:\/\/atlasyol.com\/en\/2017\/08\/10\/bir-ilke-daha-imza-attik\/\"><img width=\"1200\" height=\"800\" src=\"https:\/\/atlasyol.com\/wp-content\/uploads\/2017\/08\/news15.jpg\" class=\"attachment-themestek-img-800x700 size-themestek-img-800x700 wp-post-image\" alt=\"\" loading=\"lazy\" srcset=\"https:\/\/atlasyol.com\/wp-content\/uploads\/2017\/08\/news15.jpg 1200w, https:\/\/atlasyol.com\/wp-content\/uploads\/2017\/08\/news15-300x200.jpg 300w, https:\/\/atlasyol.com\/wp-content\/uploads\/2017\/08\/news15-768x512.jpg 768w, https:\/\/atlasyol.com\/wp-content\/uploads\/2017\/08\/news15-1024x683.jpg 1024w\" sizes=\"(max-width: 1200px) 100vw, 1200px\" \/><\/a><\/div>\t\t\t\t\t<div class=\"ts-featured-meta-wrapper ts-featured-overlay\">\t\t\t\t\t\t\t\n\n\t\t\t\t\t\t\t\t\t\t\t\t\t<span class=\"ts-meta-line cat-links\"><i class=\"ts-industco-icon-category\"><\/i> <span class=\"screen-reader-text ts-hide\">Categories <\/span><a href=\"https:\/\/atlasyol.com\/en\/category\/haberler\/\">Haberler<\/a><\/span>\n\t\t\t\t\t\t\n\t\t\t\t\t\t\t\t\t\t\t\t<span class=\"ts-meta-line posted-on\">\n\t\t\t\t\t\t\t<i class=\"ts-industco-icon-clock\"><\/i> \n\t\t\t\t\t\t\t<span class=\"screen-reader-text ts-hide\">Posted on <\/span>\n\t\t\t\t\t\t\t<a href=\"https:\/\/atlasyol.com\/en\/2017\/08\/10\/bir-ilke-daha-imza-attik\/\" rel=\"bookmark\">\n\t\t\t\t\t\t\t\t<time class=\"entry-date published\" datetime=\"2017-08-10T11:28:41+03:00\">10 August 2017<\/time>\n\t\t\t\t\t\t\t\t<time class=\"updated ts-hide\" datetime=\"2022-10-20T12:39:14+03:00\">20 October 2022<\/time>\n\t\t\t\t\t\t\t<\/a>\n\t\t\t\t\t\t<\/span>\n\n\t\t\t\t\t<\/div>\n\t\t<\/div>\t\t\n\n\t\t<div class=\"themestek-box-content\">\t\n\t\t\t<div class=\"themestek-box-title\"><h4><a href=\"https:\/\/atlasyol.com\/en\/2017\/08\/10\/bir-ilke-daha-imza-attik\/\">Bir \u0130lke Daha \u0130mza Att\u0131k<\/a><\/h4><\/div>\t\t\t<div class=\"themestek-box-desc\">\n\t\t\t\t<div class=\"themestek-box-desc-text\">Bilindi\u011fi \u00fczere Liman in\u015faat\u0131 ve a\u00e7\u0131k deniz mendirekleri imalatlar\u0131n\u0131n \u015fev d\u00fczenlemesi...<\/div>\n\t\t\t<\/div>\n\n\t\t\t<div class=\"themestek-blogbox-footer-readmore\">\n\t\t\t\t\t\t\t<\/div>\n\n\t\t<\/div>\n\t<\/div>\n<\/article>\n\n<\/div>\n\t\t\t<\/div>\n\t\t<\/div><!-- .themestek-boxes-inner -->   <\/div><!-- .themestek-boxes -->  \t\t<\/div>\n\t<\/div>\n<\/div>\n\n\n\t<\/div>","protected":false},"excerpt":{"rendered":"Bir \u0130lke Daha \u0130mza Att\u0131k Bilindi\u011fi \u00fczere Liman in\u015faat\u0131 ve a\u00e7\u0131k deniz mendirekleri imalatlar\u0131n\u0131n \u015fev d\u00fczenlemesi ve topuk imalatlar\u0131nda Split Barge denilen deniz ara\u00e7lar\u0131 kullan\u0131lmaktad\u0131r. Ancak, bu ara\u00e7lar ad\u0131ndan da anla\u015f\u0131laca\u011f\u0131 \u00fczere alttan a\u00e7\u0131l\u0131p d\u00f6k\u00fc yapabilen sistemlerdir. D\u00f6k\u00fcn\u00fcn yap\u0131lmas\u0131n\u0131n ard\u0131ndan istenilen \u015fev\u2019in olu\u015fturulabilmesi i\u00e7in gerek long arm ekskavat\u00f6rlere gerekse dip tesviyesi i\u00e7in end\u00fcstri dalg\u0131\u00e7lar\u0131na ihtiya\u00e7 &hellip; <a href=\"https:\/\/atlasyol.com\/en\/2017\/08\/10\/bir-ilke-daha-imza-attik\/\" class=\"more-link\">Continue reading <span class=\"screen-reader-text\">Bir \u0130lke Daha \u0130mza Att\u0131k<\/span><\/a>","protected":false},"author":1,"featured_media":0,"parent":0,"menu_order":23,"comment_status":"closed","ping_status":"closed","template":"","meta":[],"_links":{"self":[{"href":"https:\/\/atlasyol.com\/en\/wp-json\/wp\/v2\/pages\/4291"}],"collection":[{"href":"https:\/\/atlasyol.com\/en\/wp-json\/wp\/v2\/pages"}],"about":[{"href":"https:\/\/atlasyol.com\/en\/wp-json\/wp\/v2\/types\/page"}],"author":[{"embeddable":true,"href":"https:\/\/atlasyol.com\/en\/wp-json\/wp\/v2\/users\/1"}],"replies":[{"embeddable":true,"href":"https:\/\/atlasyol.com\/en\/wp-json\/wp\/v2\/comments?post=4291"}],"version-history":[{"count":15,"href":"https:\/\/atlasyol.com\/en\/wp-json\/wp\/v2\/pages\/4291\/revisions"}],"predecessor-version":[{"id":8565,"href":"https:\/\/atlasyol.com\/en\/wp-json\/wp\/v2\/pages\/4291\/revisions\/8565"}],"wp:attachment":[{"href":"https:\/\/atlasyol.com\/en\/wp-json\/wp\/v2\/media?parent=4291"}],"curies":[{"name":"wp","href":"https:\/\/api.w.org\/{rel}","templated":true}]}}