{"id":7228,"date":"2019-02-05T21:13:18","date_gmt":"2019-02-05T18:13:18","guid":{"rendered":"http:\/\/ermantektas.com\/atlas\/?page_id=7228"},"modified":"2021-02-03T14:18:24","modified_gmt":"2021-02-03T11:18:24","slug":"referanslar","status":"publish","type":"page","link":"https:\/\/atlasyol.com\/en\/referanslar\/","title":{"rendered":"Referanslar"},"content":{"rendered":"<div data-vc-full-width=\"true\" data-vc-full-width-init=\"false\" data-vc-stretch-content=\"true\" class=\"ts-row wpb_row vc_row-fluid ts-total-col-1 ts-zindex-0 ts-bgimage-position-center_center\">\n\n        \n\t\n\t <div class=\"vc_row vc_row-no-padding\"> \n\t\t\n<div class=\"ts-column wpb_column vc_column_container vc_col-sm-12 ts-zindex-0\">\n\t<div class=\"vc_column-inner\">\n\t\t\t\t<div class=\"wpb_wrapper\">\n\t\t\t\n\t<div  class=\"wpb_single_image wpb_content_element vc_align_left\">\n\t\t\n\t\t<figure class=\"wpb_wrapper vc_figure\">\n\t\t\t<div class=\"vc_single_image-wrapper   vc_box_border_grey\"><img class=\"vc_single_image-img\" src=\"https:\/\/atlasyol.com\/wp-content\/uploads\/2021\/02\/Akyazi-1900.jpg\" width=\"1900\" height=\"710\" alt=\"Akyaz\u0131 1900\" title=\"Akyaz\u0131 1900\" \/><\/div>\n\t\t<\/figure>\n\t<\/div>\n\t\t<\/div>\n\t<\/div>\n<\/div>\n\n\n\t <\/div> <\/div>\n\n<div class=\"vc_row-full-width vc_clearfix\"><\/div>\n\n<div class=\"ts-row wpb_row vc_row-fluid vc_custom_1550914836707 ts-total-col-1 ts-zindex-0 vc_row container ts-bgimage-position-center_center\">\n\n        \n\t\n\t\n\t\t\n<div class=\"ts-column wpb_column vc_column_container vc_col-sm-12 ts-zindex-0\">\n\t<div class=\"vc_column-inner\">\n\t\t\t\t<div class=\"wpb_wrapper\">\n\t\t\t\n\t<div  class=\"wpb_single_image wpb_content_element vc_align_center  vc_custom_1550841735207\">\n\t\t\n\t\t<figure class=\"wpb_wrapper vc_figure\">\n\t\t\t<div class=\"vc_single_image-wrapper   vc_box_border_grey\"><img class=\"vc_single_image-img\" src=\"https:\/\/atlasyol.com\/wp-content\/uploads\/2022\/12\/references.png\" width=\"450\" height=\"75\" alt=\"\" title=\"\" \/><\/div>\n\t\t<\/figure>\n\t<\/div>\n<div class=\"vc_empty_space\"   style=\"height: 65px\"><span class=\"vc_empty_space_inner\"><\/span><\/div>\t\t<\/div>\n\t<\/div>\n<\/div>\n\n\n\t<\/div>\n\n\n\n<div class=\"ts-row wpb_row vc_row-fluid vc_custom_1550855621610 vc_column-gap-30 ts-total-col-3 ts-zindex-0 ts-bgimage-position-center_center\">\n\n        \n\t\n\t <div class=\"vc_column-gap-30 vc_row container\"> \n\t\t\n<div class=\"ts-column wpb_column vc_column_container vc_col-sm-4 ts-zindex-0\">\n\t<div class=\"vc_column-inner\">\n\t\t\t\t<div class=\"wpb_wrapper\">\n\t\t\t\n<div class=\"ts-row-inner vc_row wpb_row vc_inner vc_row-fluid vc_row-o-equal-height vc_row-flex ts-zindex-0\">\n\t\n<div class=\"ts-column-inner wpb_column vc_column_container vc_col-sm-12 vc_col-has-fill ts-zindex-0\">\n\t<div class=\"vc_column-inner vc_custom_1550741646342  ts-col-bgcolor- ts-col-bgcolor-yes\">\n\t\t<div class=\"ts-col-wrapper-bg-layer ts-bg-layer\"><div class=\"ts-bg-layer-inner\"><\/div><\/div> \n\t\t<div class=\"wpb_wrapper\">\n\t\t\t<div class=\"vc_empty_space\"   style=\"height: 32px\"><span class=\"vc_empty_space_inner\"><\/span><\/div>\n\t<div  class=\"wpb_single_image wpb_content_element vc_align_center\">\n\t\t\n\t\t<figure class=\"wpb_wrapper vc_figure\">\n\t\t\t<div class=\"vc_single_image-wrapper   vc_box_border_grey\"><img class=\"vc_single_image-img\" src=\"https:\/\/atlasyol.com\/wp-content\/uploads\/2019\/02\/Kgm_logo-75x75.png\" width=\"75\" height=\"75\" alt=\"Kgm_logo\" title=\"Kgm_logo\" \/><\/div>\n\t\t<\/figure>\n\t<\/div>\n\n\t<div class=\"wpb_text_column wpb_content_element\" >\n\t\t<div class=\"wpb_wrapper\">\n\t\t\t<div class=\"ts-vc_general ts-vc_cta3 ts-cta3-only ts-vc_cta3-style-classic ts-vc_cta3-shape-rounded ts-vc_cta3-align-left ts-vc_cta3-color-transparent ts-vc_cta3-icon-size-md ts-vc_cta3-actions-no ts-cta3-without-desc\">\n<div class=\"ts-vc_cta3_content-container\">\n<div class=\"ts-vc_cta3-content\">\n<div class=\"ts-vc_cta3-content-header ts-wrap\">\n<div class=\"ts-vc_cta3-headers ts-wrap-cell\">\n<h5 class=\"ts-custom-heading\" style=\"text-align: center;\">KARAYOLLARI\u00a0GENEL M\u00dcD\u00dcRL\u00dc\u011e\u00dc<\/h5>\n<\/div>\n<\/div>\n<\/div>\n<\/div>\n<\/div>\n<div class=\"ts-cta3-content-wrapper\" style=\"text-align: center;\">Konya Regional Directorate - Sar\u0131yah\u015fi, K\u0131r\u015fehir-Savc\u0131l\u0131 section Hirfanl\u0131 Dam Reservoir crossing (540m) road construction<\/div>\n\n\t\t<\/div>\n\t<\/div>\n\t\t<\/div>\n\t<\/div>\n<\/div>\n\n<\/div>\n\n<div class=\"vc_empty_space\"   style=\"height: 32px\"><span class=\"vc_empty_space_inner\"><\/span><\/div>\n<div class=\"ts-row-inner vc_row wpb_row vc_inner vc_row-fluid ts-zindex-0\">\n\t\n<div class=\"ts-column-inner wpb_column vc_column_container vc_col-sm-12 vc_col-has-fill ts-zindex-0\">\n\t<div class=\"vc_column-inner vc_custom_1550741646342  ts-col-bgcolor- ts-col-bgcolor-yes\">\n\t\t<div class=\"ts-col-wrapper-bg-layer ts-bg-layer\"><div class=\"ts-bg-layer-inner\"><\/div><\/div> \n\t\t<div class=\"wpb_wrapper\">\n\t\t\t<div class=\"vc_empty_space\"   style=\"height: 32px\"><span class=\"vc_empty_space_inner\"><\/span><\/div>\n\t<div  class=\"wpb_single_image wpb_content_element vc_align_center\">\n\t\t\n\t\t<figure class=\"wpb_wrapper vc_figure\">\n\t\t\t<div class=\"vc_single_image-wrapper   vc_box_border_grey\"><img class=\"vc_single_image-img\" src=\"https:\/\/atlasyol.com\/wp-content\/uploads\/2019\/02\/Kgm_logo-75x75.png\" width=\"75\" height=\"75\" alt=\"Kgm_logo\" title=\"Kgm_logo\" \/><\/div>\n\t\t<\/figure>\n\t<\/div>\n\n\t<div class=\"wpb_text_column wpb_content_element\" >\n\t\t<div class=\"wpb_wrapper\">\n\t\t\t<div class=\"ts-vc_general ts-vc_cta3 ts-cta3-only ts-vc_cta3-style-classic ts-vc_cta3-shape-rounded ts-vc_cta3-align-left ts-vc_cta3-color-transparent ts-vc_cta3-icon-size-md ts-vc_cta3-actions-no ts-cta3-without-desc\">\n<div class=\"ts-vc_cta3_content-container\">\n<div class=\"ts-vc_cta3-content\">\n<div class=\"ts-vc_cta3-content-header ts-wrap\">\n<div class=\"ts-vc_cta3-headers ts-wrap-cell\">\n<h5 class=\"ts-custom-heading\" style=\"text-align: center;\">KARAYOLLARI GENEL M\u00dcD\u00dcRL\u00dc\u011e\u00dc<\/h5>\n<\/div>\n<\/div>\n<\/div>\n<\/div>\n<\/div>\n<div class=\"ts-cta3-content-wrapper\" style=\"text-align: center;\">\u0130zmir Regional Directorate - Mordo\u011fan section geosynthetic reinforced retaining wall construction<\/div>\n\n\t\t<\/div>\n\t<\/div>\n\t\t<\/div>\n\t<\/div>\n<\/div>\n\n<\/div>\n\n<div class=\"vc_empty_space\"   style=\"height: 32px\"><span class=\"vc_empty_space_inner\"><\/span><\/div>\n<div class=\"ts-row-inner vc_row wpb_row vc_inner vc_row-fluid vc_row-o-equal-height vc_row-flex ts-zindex-0\">\n\t\n<div class=\"ts-column-inner wpb_column vc_column_container vc_col-sm-12 vc_col-has-fill ts-zindex-0\">\n\t<div class=\"vc_column-inner vc_custom_1550741720054  ts-col-bgcolor- ts-col-bgcolor-yes\">\n\t\t<div class=\"ts-col-wrapper-bg-layer ts-bg-layer\"><div class=\"ts-bg-layer-inner\"><\/div><\/div> \n\t\t<div class=\"wpb_wrapper\">\n\t\t\t<div class=\"vc_empty_space\"   style=\"height: 32px\"><span class=\"vc_empty_space_inner\"><\/span><\/div>\n\t<div  class=\"wpb_single_image wpb_content_element vc_align_center\">\n\t\t\n\t\t<figure class=\"wpb_wrapper vc_figure\">\n\t\t\t<div class=\"vc_single_image-wrapper   vc_box_border_grey\"><img class=\"vc_single_image-img\" src=\"https:\/\/atlasyol.com\/wp-content\/uploads\/2019\/02\/Cengiz_Holding_logo_insaat3.png\" width=\"214\" height=\"50\" alt=\"Cengiz_Holding_logo_insaat3\" title=\"Cengiz_Holding_logo_insaat3\" \/><\/div>\n\t\t<\/figure>\n\t<\/div>\n\n\t<div class=\"wpb_text_column wpb_content_element\" >\n\t\t<div class=\"wpb_wrapper\">\n\t\t\t<div class=\"ts-vc_general ts-vc_cta3 ts-cta3-only ts-vc_cta3-style-classic ts-vc_cta3-shape-rounded ts-vc_cta3-align-left ts-vc_cta3-color-transparent ts-vc_cta3-icon-size-md ts-vc_cta3-actions-no ts-cta3-without-desc\">\n<div class=\"ts-vc_cta3_content-container\">\n<div class=\"ts-vc_cta3-content\">\n<div class=\"ts-vc_cta3-content-header ts-wrap\">\n<div class=\"ts-vc_cta3-headers ts-wrap-cell\">\n<h5 class=\"ts-custom-heading\" style=\"text-align: center;\">CENG\u0130Z\u00a0\u0130N\u015eAAT<\/h5>\n<\/div>\n<\/div>\n<\/div>\n<\/div>\n<\/div>\n<div class=\"ts-cta3-content-wrapper\" style=\"text-align: center;\">Northern Marmara highway ground improvement (Stone column construction) works<\/div>\n\n\t\t<\/div>\n\t<\/div>\n\t\t<\/div>\n\t<\/div>\n<\/div>\n\n<\/div>\n\n<div class=\"vc_empty_space\"   style=\"height: 32px\"><span class=\"vc_empty_space_inner\"><\/span><\/div>\n<div class=\"ts-row-inner vc_row wpb_row vc_inner vc_row-fluid ts-zindex-0\">\n\t\n<div class=\"ts-column-inner wpb_column vc_column_container vc_col-sm-12 vc_col-has-fill ts-zindex-0\">\n\t<div class=\"vc_column-inner vc_custom_1550741720054  ts-col-bgcolor- ts-col-bgcolor-yes\">\n\t\t<div class=\"ts-col-wrapper-bg-layer ts-bg-layer\"><div class=\"ts-bg-layer-inner\"><\/div><\/div> \n\t\t<div class=\"wpb_wrapper\">\n\t\t\t<div class=\"vc_empty_space\"   style=\"height: 32px\"><span class=\"vc_empty_space_inner\"><\/span><\/div>\n\t<div  class=\"wpb_single_image wpb_content_element vc_align_center\">\n\t\t\n\t\t<figure class=\"wpb_wrapper vc_figure\">\n\t\t\t<div class=\"vc_single_image-wrapper   vc_box_border_grey\"><img class=\"vc_single_image-img\" src=\"https:\/\/atlasyol.com\/wp-content\/uploads\/2019\/02\/mesa-mesken2-170x75.png\" width=\"170\" height=\"75\" alt=\"mesa-mesken2\" title=\"mesa-mesken2\" \/><\/div>\n\t\t<\/figure>\n\t<\/div>\n\n\t<div class=\"wpb_text_column wpb_content_element\" >\n\t\t<div class=\"wpb_wrapper\">\n\t\t\t<div class=\"ts-vc_general ts-vc_cta3 ts-cta3-only ts-vc_cta3-style-classic ts-vc_cta3-shape-rounded ts-vc_cta3-align-left ts-vc_cta3-color-transparent ts-vc_cta3-icon-size-md ts-vc_cta3-actions-no ts-cta3-without-desc\">\n<div class=\"ts-vc_cta3_content-container\">\n<div class=\"ts-vc_cta3-content\">\n<div class=\"ts-vc_cta3-content-header ts-wrap\">\n<div class=\"ts-vc_cta3-headers ts-wrap-cell\">\n<h5 class=\"ts-custom-heading\" style=\"text-align: center;\">MESA MESKEN<\/h5>\n<\/div>\n<\/div>\n<\/div>\n<\/div>\n<\/div>\n<div class=\"ts-cta3-content-wrapper\" style=\"text-align: center;\">Yasss\u0131ada<br \/>\nDock and pier works<\/div>\n\n\t\t<\/div>\n\t<\/div>\n\t\t<\/div>\n\t<\/div>\n<\/div>\n\n<\/div>\n\n\t\t<\/div>\n\t<\/div>\n<\/div>\n\n\n<div class=\"ts-column wpb_column vc_column_container vc_col-sm-4 ts-zindex-0\">\n\t<div class=\"vc_column-inner\">\n\t\t\t\t<div class=\"wpb_wrapper\">\n\t\t\t\n<div class=\"ts-row-inner vc_row wpb_row vc_inner vc_row-fluid ts-zindex-0\">\n\t\n<div class=\"ts-column-inner wpb_column vc_column_container vc_col-sm-12 vc_col-has-fill ts-zindex-0\">\n\t<div class=\"vc_column-inner vc_custom_1550741720054  ts-col-bgcolor- ts-col-bgcolor-yes\">\n\t\t<div class=\"ts-col-wrapper-bg-layer ts-bg-layer\"><div class=\"ts-bg-layer-inner\"><\/div><\/div> \n\t\t<div class=\"wpb_wrapper\">\n\t\t\t<div class=\"vc_empty_space\"   style=\"height: 32px\"><span class=\"vc_empty_space_inner\"><\/span><\/div>\n\t<div  class=\"wpb_single_image wpb_content_element vc_align_center\">\n\t\t\n\t\t<figure class=\"wpb_wrapper vc_figure\">\n\t\t\t<div class=\"vc_single_image-wrapper   vc_box_border_grey\"><img class=\"vc_single_image-img\" src=\"https:\/\/atlasyol.com\/wp-content\/uploads\/2019\/02\/Kgm_logo-75x75.png\" width=\"75\" height=\"75\" alt=\"Kgm_logo\" title=\"Kgm_logo\" \/><\/div>\n\t\t<\/figure>\n\t<\/div>\n\n\t<div class=\"wpb_text_column wpb_content_element\" >\n\t\t<div class=\"wpb_wrapper\">\n\t\t\t<div class=\"ts-vc_general ts-vc_cta3 ts-cta3-only ts-vc_cta3-style-classic ts-vc_cta3-shape-rounded ts-vc_cta3-align-left ts-vc_cta3-color-transparent ts-vc_cta3-icon-size-md ts-vc_cta3-actions-no ts-cta3-without-desc\">\n<div class=\"ts-vc_cta3_content-container\">\n<div class=\"ts-vc_cta3-content\">\n<div class=\"ts-vc_cta3-content-header ts-wrap\">\n<div class=\"ts-vc_cta3-headers ts-wrap-cell\">\n<h5 class=\"ts-custom-heading\" style=\"text-align: center;\">KARAYOLLARI GENEL M\u00dcD\u00dcRL\u00dc\u011e\u00dc<\/h5>\n<\/div>\n<\/div>\n<\/div>\n<\/div>\n<\/div>\n<div class=\"ts-cta3-content-wrapper\" style=\"text-align: center;\">Izmir Region SOMA road bridge junction construction work with geosynthetic walls<\/div>\n\n\t\t<\/div>\n\t<\/div>\n\t\t<\/div>\n\t<\/div>\n<\/div>\n\n<\/div>\n\n<div class=\"vc_empty_space\"   style=\"height: 32px\"><span class=\"vc_empty_space_inner\"><\/span><\/div>\n<div class=\"ts-row-inner vc_row wpb_row vc_inner vc_row-fluid ts-zindex-0\">\n\t\n<div class=\"ts-column-inner wpb_column vc_column_container vc_col-sm-12 vc_col-has-fill ts-zindex-0\">\n\t<div class=\"vc_column-inner vc_custom_1550741646342  ts-col-bgcolor- ts-col-bgcolor-yes\">\n\t\t<div class=\"ts-col-wrapper-bg-layer ts-bg-layer\"><div class=\"ts-bg-layer-inner\"><\/div><\/div> \n\t\t<div class=\"wpb_wrapper\">\n\t\t\t<div class=\"vc_empty_space\"   style=\"height: 32px\"><span class=\"vc_empty_space_inner\"><\/span><\/div>\n\t<div  class=\"wpb_single_image wpb_content_element vc_align_center\">\n\t\t\n\t\t<figure class=\"wpb_wrapper vc_figure\">\n\t\t\t<div class=\"vc_single_image-wrapper   vc_box_border_grey\"><img class=\"vc_single_image-img\" src=\"https:\/\/atlasyol.com\/wp-content\/uploads\/2019\/02\/trabzon-belediyesi-75x75.png\" width=\"75\" height=\"75\" alt=\"trabzon belediyesi\" title=\"trabzon belediyesi\" \/><\/div>\n\t\t<\/figure>\n\t<\/div>\n\n\t<div class=\"wpb_text_column wpb_content_element\" >\n\t\t<div class=\"wpb_wrapper\">\n\t\t\t<div class=\"ts-vc_general ts-vc_cta3 ts-cta3-only ts-vc_cta3-style-classic ts-vc_cta3-shape-rounded ts-vc_cta3-align-left ts-vc_cta3-color-transparent ts-vc_cta3-icon-size-md ts-vc_cta3-actions-no ts-cta3-without-desc\">\n<div class=\"ts-vc_cta3_content-container\">\n<div class=\"ts-vc_cta3-content\">\n<div class=\"ts-vc_cta3-content-header ts-wrap\">\n<div class=\"ts-vc_cta3-headers ts-wrap-cell\">\n<h5 class=\"ts-custom-heading\" style=\"text-align: center;\">TRABZON BELED\u0130YES\u0130<\/h5>\n<\/div>\n<\/div>\n<\/div>\n<\/div>\n<\/div>\n<div class=\"ts-cta3-content-wrapper\" style=\"text-align: center;\">G\u00fcl cemal Project - 1300m long breakwater construction with antifer concrete blocks<\/div>\n\n\t\t<\/div>\n\t<\/div>\n\t\t<\/div>\n\t<\/div>\n<\/div>\n\n<\/div>\n\n<div class=\"vc_empty_space\"   style=\"height: 32px\"><span class=\"vc_empty_space_inner\"><\/span><\/div>\n<div class=\"ts-row-inner vc_row wpb_row vc_inner vc_row-fluid ts-zindex-0\">\n\t\n<div class=\"ts-column-inner wpb_column vc_column_container vc_col-sm-12 vc_col-has-fill ts-zindex-0\">\n\t<div class=\"vc_column-inner vc_custom_1550741646342  ts-col-bgcolor- ts-col-bgcolor-yes\">\n\t\t<div class=\"ts-col-wrapper-bg-layer ts-bg-layer\"><div class=\"ts-bg-layer-inner\"><\/div><\/div> \n\t\t<div class=\"wpb_wrapper\">\n\t\t\t<div class=\"vc_empty_space\"   style=\"height: 32px\"><span class=\"vc_empty_space_inner\"><\/span><\/div>\n\t<div  class=\"wpb_single_image wpb_content_element vc_align_center\">\n\t\t\n\t\t<figure class=\"wpb_wrapper vc_figure\">\n\t\t\t<div class=\"vc_single_image-wrapper   vc_box_border_grey\"><img class=\"vc_single_image-img\" src=\"https:\/\/atlasyol.com\/wp-content\/uploads\/2019\/02\/makyol.png\" width=\"214\" height=\"50\" alt=\"makyol\" title=\"makyol\" \/><\/div>\n\t\t<\/figure>\n\t<\/div>\n\n\t<div class=\"wpb_text_column wpb_content_element\" >\n\t\t<div class=\"wpb_wrapper\">\n\t\t\t<div class=\"ts-vc_general ts-vc_cta3 ts-cta3-only ts-vc_cta3-style-classic ts-vc_cta3-shape-rounded ts-vc_cta3-align-left ts-vc_cta3-color-transparent ts-vc_cta3-icon-size-md ts-vc_cta3-actions-no ts-cta3-without-desc\">\n<div class=\"ts-vc_cta3_content-container\">\n<div class=\"ts-vc_cta3-content\">\n<div class=\"ts-vc_cta3-content-header ts-wrap\">\n<div class=\"ts-vc_cta3-headers ts-wrap-cell\">\n<h5 class=\"ts-custom-heading\" style=\"text-align: center;\">MAKYOL &#8211;\u00a0G\u00d6\u00c7AY<\/h5>\n<\/div>\n<\/div>\n<\/div>\n<\/div>\n<\/div>\n<div class=\"ts-cta3-content-wrapper\" style=\"text-align: center;\">Gebze-Orhangazi-\u0130zmir Highway Project ground improvements (Stone Column) works<\/div>\n\n\t\t<\/div>\n\t<\/div>\n\t\t<\/div>\n\t<\/div>\n<\/div>\n\n<\/div>\n\n<div class=\"vc_empty_space\"   style=\"height: 32px\"><span class=\"vc_empty_space_inner\"><\/span><\/div>\n<div class=\"ts-row-inner vc_row wpb_row vc_inner vc_row-fluid ts-zindex-0\">\n\t\n<div class=\"ts-column-inner wpb_column vc_column_container vc_col-sm-12 vc_col-has-fill ts-zindex-0\">\n\t<div class=\"vc_column-inner vc_custom_1550741720054  ts-col-bgcolor- ts-col-bgcolor-yes\">\n\t\t<div class=\"ts-col-wrapper-bg-layer ts-bg-layer\"><div class=\"ts-bg-layer-inner\"><\/div><\/div> \n\t\t<div class=\"wpb_wrapper\">\n\t\t\t<div class=\"vc_empty_space\"   style=\"height: 55px\"><span class=\"vc_empty_space_inner\"><\/span><\/div>\n\t<div  class=\"wpb_single_image wpb_content_element vc_align_center\">\n\t\t\n\t\t<figure class=\"wpb_wrapper vc_figure\">\n\t\t\t<div class=\"vc_single_image-wrapper   vc_box_border_grey\"><img class=\"vc_single_image-img\" src=\"https:\/\/atlasyol.com\/wp-content\/uploads\/2019\/02\/dekar.png\" width=\"214\" height=\"50\" alt=\"dekar\" title=\"dekar\" \/><\/div>\n\t\t<\/figure>\n\t<\/div>\n\n\t<div class=\"wpb_text_column wpb_content_element\" >\n\t\t<div class=\"wpb_wrapper\">\n\t\t\t<div class=\"ts-vc_general ts-vc_cta3 ts-cta3-only ts-vc_cta3-style-classic ts-vc_cta3-shape-rounded ts-vc_cta3-align-left ts-vc_cta3-color-transparent ts-vc_cta3-icon-size-md ts-vc_cta3-actions-no ts-cta3-without-desc\">\n<div class=\"ts-vc_cta3_content-container\">\n<div class=\"ts-vc_cta3-content\">\n<div class=\"ts-vc_cta3-content-header ts-wrap\">\n<div class=\"ts-vc_cta3-headers ts-wrap-cell\">\n<h5 class=\"ts-custom-heading\" style=\"text-align: center;\">DEKAR\u00a0YAPI<\/h5>\n<\/div>\n<\/div>\n<\/div>\n<\/div>\n<\/div>\n<div class=\"ts-cta3-content-wrapper\" style=\"text-align: center;\">\u00d6merli weak ground improvements (Stone Column) works<\/div>\n\n\t\t<\/div>\n\t<\/div>\n\t\t<\/div>\n\t<\/div>\n<\/div>\n\n<\/div>\n\n\t\t<\/div>\n\t<\/div>\n<\/div>\n\n\n<div class=\"ts-column wpb_column vc_column_container vc_col-sm-4 ts-zindex-0\">\n\t<div class=\"vc_column-inner\">\n\t\t\t\t<div class=\"wpb_wrapper\">\n\t\t\t\n<div class=\"ts-row-inner vc_row wpb_row vc_inner vc_row-fluid ts-zindex-0\">\n\t\n<div class=\"ts-column-inner wpb_column vc_column_container vc_col-sm-12 vc_col-has-fill ts-zindex-0\">\n\t<div class=\"vc_column-inner vc_custom_1550741735960  ts-col-bgcolor- ts-col-bgcolor-yes\">\n\t\t<div class=\"ts-col-wrapper-bg-layer ts-bg-layer\"><div class=\"ts-bg-layer-inner\"><\/div><\/div> \n\t\t<div class=\"wpb_wrapper\">\n\t\t\t<div class=\"vc_empty_space\"   style=\"height: 32px\"><span class=\"vc_empty_space_inner\"><\/span><\/div>\n\t<div  class=\"wpb_single_image wpb_content_element vc_align_center\">\n\t\t\n\t\t<figure class=\"wpb_wrapper vc_figure\">\n\t\t\t<div class=\"vc_single_image-wrapper   vc_box_border_grey\"><img class=\"vc_single_image-img\" src=\"https:\/\/atlasyol.com\/wp-content\/uploads\/2019\/02\/Kgm_logo-75x75.png\" width=\"75\" height=\"75\" alt=\"Kgm_logo\" title=\"Kgm_logo\" \/><\/div>\n\t\t<\/figure>\n\t<\/div>\n\n\t<div class=\"wpb_text_column wpb_content_element\" >\n\t\t<div class=\"wpb_wrapper\">\n\t\t\t<div class=\"ts-vc_general ts-vc_cta3 ts-cta3-only ts-vc_cta3-style-classic ts-vc_cta3-shape-rounded ts-vc_cta3-align-left ts-vc_cta3-color-transparent ts-vc_cta3-icon-size-md ts-vc_cta3-actions-no ts-cta3-without-desc\">\n<div class=\"ts-vc_cta3_content-container\">\n<div class=\"ts-vc_cta3-content\">\n<div class=\"ts-vc_cta3-content-header ts-wrap\">\n<div class=\"ts-vc_cta3-headers ts-wrap-cell\">\n<h5 class=\"ts-custom-heading\" style=\"text-align: center;\">KARAYOLLARI GENEL M\u00dcD\u00dcRL\u00dc\u011e\u00dc<\/h5>\n<\/div>\n<\/div>\n<\/div>\n<\/div>\n<\/div>\n<div class=\"ts-cta3-content-wrapper\" style=\"text-align: center;\">\u0130zmir Regional Directorate - Akhisar ring road ground improvement works and geosynthetic reinforced retaining wall construction<\/div>\n\n\t\t<\/div>\n\t<\/div>\n\t\t<\/div>\n\t<\/div>\n<\/div>\n\n<\/div>\n\n<div class=\"vc_empty_space\"   style=\"height: 32px\"><span class=\"vc_empty_space_inner\"><\/span><\/div>\n<div class=\"ts-row-inner vc_row wpb_row vc_inner vc_row-fluid vc_row-o-equal-height vc_row-flex ts-zindex-0\">\n\t\n<div class=\"ts-column-inner wpb_column vc_column_container vc_col-sm-12 vc_col-has-fill ts-zindex-0\">\n\t<div class=\"vc_column-inner vc_custom_1550741735960  ts-col-bgcolor- ts-col-bgcolor-yes\">\n\t\t<div class=\"ts-col-wrapper-bg-layer ts-bg-layer\"><div class=\"ts-bg-layer-inner\"><\/div><\/div> \n\t\t<div class=\"wpb_wrapper\">\n\t\t\t<div class=\"vc_empty_space\"   style=\"height: 55px\"><span class=\"vc_empty_space_inner\"><\/span><\/div>\n\t<div  class=\"wpb_single_image wpb_content_element vc_align_center\">\n\t\t\n\t\t<figure class=\"wpb_wrapper vc_figure\">\n\t\t\t<div class=\"vc_single_image-wrapper   vc_box_border_grey\"><img class=\"vc_single_image-img\" src=\"https:\/\/atlasyol.com\/wp-content\/uploads\/2019\/02\/kalyon2.png\" width=\"214\" height=\"50\" alt=\"kalyon2\" title=\"kalyon2\" \/><\/div>\n\t\t<\/figure>\n\t<\/div>\n\n\t<div class=\"wpb_text_column wpb_content_element\" >\n\t\t<div class=\"wpb_wrapper\">\n\t\t\t<div class=\"ts-vc_general ts-vc_cta3 ts-cta3-only ts-vc_cta3-style-classic ts-vc_cta3-shape-rounded ts-vc_cta3-align-left ts-vc_cta3-color-transparent ts-vc_cta3-icon-size-md ts-vc_cta3-actions-no ts-cta3-without-desc\">\n<div class=\"ts-vc_cta3_content-container\">\n<div class=\"ts-vc_cta3-content\">\n<div class=\"ts-vc_cta3-content-header ts-wrap\">\n<div class=\"ts-vc_cta3-headers ts-wrap-cell\">\n<h5 class=\"ts-custom-heading\" style=\"text-align: center;\">KALYON\u00a0\u0130N\u015eAAT<\/h5>\n<\/div>\n<\/div>\n<\/div>\n<\/div>\n<\/div>\n<div class=\"ts-cta3-content-wrapper\" style=\"text-align: center;\">Northern Marmara Interstate Highway \u2013 Grout column construction on the connection roads of \u0130stanbul Airport<\/div>\n\n\t\t<\/div>\n\t<\/div>\n\t\t<\/div>\n\t<\/div>\n<\/div>\n\n<\/div>\n\n<div class=\"vc_empty_space\"   style=\"height: 32px\"><span class=\"vc_empty_space_inner\"><\/span><\/div>\n<div class=\"ts-row-inner vc_row wpb_row vc_inner vc_row-fluid ts-zindex-0\">\n\t\n<div class=\"ts-column-inner wpb_column vc_column_container vc_col-sm-12 vc_col-has-fill ts-zindex-0\">\n\t<div class=\"vc_column-inner vc_custom_1550741735960  ts-col-bgcolor- ts-col-bgcolor-yes\">\n\t\t<div class=\"ts-col-wrapper-bg-layer ts-bg-layer\"><div class=\"ts-bg-layer-inner\"><\/div><\/div> \n\t\t<div class=\"wpb_wrapper\">\n\t\t\t<div class=\"vc_empty_space\"   style=\"height: 20px\"><span class=\"vc_empty_space_inner\"><\/span><\/div>\n\t<div  class=\"wpb_single_image wpb_content_element vc_align_center\">\n\t\t\n\t\t<figure class=\"wpb_wrapper vc_figure\">\n\t\t\t<div class=\"vc_single_image-wrapper   vc_box_border_grey\"><img class=\"vc_single_image-img\" src=\"https:\/\/atlasyol.com\/wp-content\/uploads\/2019\/02\/yda-122x60.jpg\" width=\"122\" height=\"60\" alt=\"yda\" title=\"yda\" \/><\/div>\n\t\t<\/figure>\n\t<\/div>\n\n\t<div class=\"wpb_text_column wpb_content_element\" >\n\t\t<div class=\"wpb_wrapper\">\n\t\t\t<div class=\"ts-vc_general ts-vc_cta3 ts-cta3-only ts-vc_cta3-style-classic ts-vc_cta3-shape-rounded ts-vc_cta3-align-left ts-vc_cta3-color-transparent ts-vc_cta3-icon-size-md ts-vc_cta3-actions-no ts-cta3-without-desc\">\n<div class=\"ts-vc_cta3_content-container\">\n<div class=\"ts-vc_cta3-content\">\n<div class=\"ts-vc_cta3-content-header ts-wrap\">\n<div class=\"ts-vc_cta3-headers ts-wrap-cell\">\n<h5 class=\"ts-custom-heading\" style=\"text-align: center;\">YDA\u00a0\u0130N\u015eAAT<\/h5>\n<\/div>\n<\/div>\n<\/div>\n<\/div>\n<\/div>\n<div class=\"ts-cta3-content-wrapper\" style=\"text-align: center;\">Denizli-Ac\u0131payam Geosynthetic walls valley crossing project<\/div>\n\n\t\t<\/div>\n\t<\/div>\n\t\t<\/div>\n\t<\/div>\n<\/div>\n\n<\/div>\n\n<div class=\"vc_empty_space\"   style=\"height: 32px\"><span class=\"vc_empty_space_inner\"><\/span><\/div>\t\t<\/div>\n\t<\/div>\n<\/div>\n\n\n\t <\/div> <\/div>","protected":false},"excerpt":{"rendered":"KARAYOLLARI\u00a0GENEL M\u00dcD\u00dcRL\u00dc\u011e\u00dc Konya B\u00f6lgesi Sar\u0131yah\u015fi, K\u0131r\u015fehir-Savc\u0131l\u0131 yolu irfanl\u0131 baraj\u0131 ge\u00e7i\u015fi (540m) i\u015fi KARAYOLLARI GENEL M\u00dcD\u00dcRL\u00dc\u011e\u00dc \u0130zmir B\u00f6lgesi Mordo\u011fan yolu geosentetik duvar i\u015fleri CENG\u0130Z\u00a0\u0130N\u015eAAT Kuzey Marmara otoyolu zemin iyile\u015ftirme (Ta\u015f kolon yap\u0131m\u0131) i\u015fleri MESA MESKEN Yasss\u0131ada R\u0131ht\u0131m ve iskele i\u015fleri KARAYOLLARI GENEL M\u00dcD\u00dcRL\u00dc\u011e\u00dc \u0130zmir B\u00f6lgesi SOMA yolu geosentetik duvarl\u0131 k\u00f6pr\u00fcl\u00fc kav\u015fak yap\u0131m i\u015fi TRABZON BELED\u0130YES\u0130 G\u00fcl &hellip; <a href=\"https:\/\/atlasyol.com\/en\/referanslar\/\" class=\"more-link\">Continue reading <span class=\"screen-reader-text\">Referanslar<\/span><\/a>","protected":false},"author":1,"featured_media":0,"parent":0,"menu_order":0,"comment_status":"closed","ping_status":"closed","template":"","meta":[],"_links":{"self":[{"href":"https:\/\/atlasyol.com\/en\/wp-json\/wp\/v2\/pages\/7228"}],"collection":[{"href":"https:\/\/atlasyol.com\/en\/wp-json\/wp\/v2\/pages"}],"about":[{"href":"https:\/\/atlasyol.com\/en\/wp-json\/wp\/v2\/types\/page"}],"author":[{"embeddable":true,"href":"https:\/\/atlasyol.com\/en\/wp-json\/wp\/v2\/users\/1"}],"replies":[{"embeddable":true,"href":"https:\/\/atlasyol.com\/en\/wp-json\/wp\/v2\/comments?post=7228"}],"version-history":[{"count":84,"href":"https:\/\/atlasyol.com\/en\/wp-json\/wp\/v2\/pages\/7228\/revisions"}],"predecessor-version":[{"id":8348,"href":"https:\/\/atlasyol.com\/en\/wp-json\/wp\/v2\/pages\/7228\/revisions\/8348"}],"wp:attachment":[{"href":"https:\/\/atlasyol.com\/en\/wp-json\/wp\/v2\/media?parent=7228"}],"curies":[{"name":"wp","href":"https:\/\/api.w.org\/{rel}","templated":true}]}}