{"id":7918,"date":"2020-11-30T11:03:44","date_gmt":"2020-11-30T08:03:44","guid":{"rendered":"https:\/\/atlasyol.com\/?page_id=7918"},"modified":"2022-08-22T09:39:50","modified_gmt":"2022-08-22T06:39:50","slug":"hakkimizda","status":"publish","type":"page","link":"https:\/\/atlasyol.com\/en\/hakkimizda\/","title":{"rendered":"About Us"},"content":{"rendered":"<div data-vc-full-width=\"true\" data-vc-full-width-init=\"false\" data-vc-stretch-content=\"true\" class=\"ts-row wpb_row vc_row-fluid ts-total-col-1 ts-zindex-0 ts-bgimage-position-center_center\">\n\n        \n\t\n\t <div class=\"vc_row vc_row-no-padding\"> \n\t\t\n<div class=\"ts-column wpb_column vc_column_container vc_col-sm-12 ts-zindex-0\">\n\t<div class=\"vc_column-inner\">\n\t\t\t\t<div class=\"wpb_wrapper\">\n\t\t\t\n\t<div  class=\"wpb_single_image wpb_content_element vc_align_left\">\n\t\t\n\t\t<figure class=\"wpb_wrapper vc_figure\">\n\t\t\t<div class=\"vc_single_image-wrapper   vc_box_border_grey\"><img class=\"vc_single_image-img\" src=\"https:\/\/atlasyol.com\/wp-content\/uploads\/2019\/02\/bck12.jpg\" width=\"1900\" height=\"710\" alt=\"\" title=\"\" \/><\/div>\n\t\t<\/figure>\n\t<\/div>\n\t\t<\/div>\n\t<\/div>\n<\/div>\n\n\n\t <\/div> <\/div>\n\n<div class=\"vc_row-full-width vc_clearfix\"><\/div>\n\n<div class=\"ts-row wpb_row vc_row-fluid vc_custom_1550914026165 ts-total-col-1 ts-zindex-0 vc_row container ts-bgimage-position-center_center\">\n\n        \n\t\n\t\n\t\t\n<div class=\"ts-column wpb_column vc_column_container vc_col-sm-12 ts-zindex-0\">\n\t<div class=\"vc_column-inner\">\n\t\t\t\t<div class=\"wpb_wrapper\">\n\t\t\t\n<div class=\"ts-row-inner vc_row wpb_row vc_inner vc_row-fluid ts-zindex-0\">\n\t\n<div class=\"ts-column-inner wpb_column vc_column_container vc_col-sm-12 ts-zindex-0\">\n\t<div class=\"vc_column-inner\">\n\t\t \n\t\t<div class=\"wpb_wrapper\">\n\t\t\t\n\t<div  class=\"wpb_single_image wpb_content_element vc_align_center  vc_custom_1550841419716\">\n\t\t\n\t\t<figure class=\"wpb_wrapper vc_figure\">\n\t\t\t<div class=\"vc_single_image-wrapper   vc_box_border_grey\"><img class=\"vc_single_image-img\" src=\"https:\/\/atlasyol.com\/wp-content\/uploads\/2022\/12\/aboutus.png\" width=\"450\" height=\"75\" alt=\"\" title=\"\" \/><\/div>\n\t\t<\/figure>\n\t<\/div>\n<div class=\"vc_empty_space\"   style=\"height: 65px\"><span class=\"vc_empty_space_inner\"><\/span><\/div>\t\t<\/div>\n\t<\/div>\n<\/div>\n\n<\/div>\n\n\n<div class=\"ts-row-inner vc_row wpb_row vc_inner vc_row-fluid ts-zindex-0\">\n\t\n<div class=\"ts-column-inner wpb_column vc_column_container vc_col-sm-4 ts-zindex-0\">\n\t<div class=\"vc_column-inner\">\n\t\t \n\t\t<div class=\"wpb_wrapper\">\n\t\t\t\n<div class=\"ts-ihbox ts-ihbox-style-3 ts-ihbox-itype-icon\">\n\t<div class=\"ts-sbox-bgimage-layer ts-bgimage-layer\"><\/div>\n\t<div class=\"ts-ihbox-wrapper-bg-layer ts-bg-layer\"><\/div>\n\n\t<div class=\"ts-ihbox-inner\">\n\t\t<div class=\"ts-ihbox-icon ts-large-icon ts-icon-skincolor\">\n\t\t\t<div class=\"ts-ihbox-icon-wrapper\"><i class=\"ts-industco-business-icon ts-industco-business-icon-engineer\"><\/i><\/div>\t\t<\/div>\n\n\t\t<div class=\"ts-ihbox-contents\">\n\t\t\t<div class=\"ts-vc_general ts-vc_cta3 ts-cta3-only ts-vc_cta3-style-classic ts-vc_cta3-shape-rounded ts-vc_cta3-align-left ts-vc_cta3-color-transparent ts-vc_cta3-icon-size-md ts-vc_cta3-actions-no ts-cta3-without-desc\"><div class=\"ts-vc_cta3_content-container\"><div class=\"ts-vc_cta3-content\"><div class=\"ts-vc_cta3-content-header ts-wrap\"><div class=\"ts-vc_cta3-headers ts-wrap-cell\"><h2 style=\"font-size:dd;line-height:aa;color:#323031;font-family:'Open Sans',Arial,Helvetica;font-weight:800\" class=\"ts-custom-heading\">FROM PROJECT DESIGN TO APPLICATION<\/h2>\n<\/div><\/div><\/div><\/div><\/div>\t\t\t<div class=\"ts-cta3-content-wrapper\">A strong company, with its engineering background, experience, know-how and sound financial structure.<\/div>\t\t\t\t\t<\/div><!-- .ts-ihbox-contents -->\n\t<\/div>\n<\/div>\n\n\t\t<\/div>\n\t<\/div>\n<\/div>\n\n\n<div class=\"ts-column-inner wpb_column vc_column_container vc_col-sm-4 ts-zindex-0\">\n\t<div class=\"vc_column-inner\">\n\t\t \n\t\t<div class=\"wpb_wrapper\">\n\t\t\t\n<div class=\"ts-ihbox ts-ihbox-style-3 ts-ihbox-itype-icon\">\n\t<div class=\"ts-sbox-bgimage-layer ts-bgimage-layer\"><\/div>\n\t<div class=\"ts-ihbox-wrapper-bg-layer ts-bg-layer\"><\/div>\n\n\t<div class=\"ts-ihbox-inner\">\n\t\t<div class=\"ts-ihbox-icon ts-large-icon ts-icon-skincolor\">\n\t\t\t<div class=\"ts-ihbox-icon-wrapper\"><i class=\"ts-industco-business-icon ts-industco-business-icon-worker\"><\/i><\/div>\t\t<\/div>\n\n\t\t<div class=\"ts-ihbox-contents\">\n\t\t\t<div class=\"ts-vc_general ts-vc_cta3 ts-cta3-only ts-vc_cta3-style-classic ts-vc_cta3-shape-rounded ts-vc_cta3-align-left ts-vc_cta3-color-transparent ts-vc_cta3-icon-size-md ts-vc_cta3-actions-no ts-cta3-without-desc\"><div class=\"ts-vc_cta3_content-container\"><div class=\"ts-vc_cta3-content\"><div class=\"ts-vc_cta3-content-header ts-wrap\"><div class=\"ts-vc_cta3-headers ts-wrap-cell\"><h2 style=\"color:#323031;font-family:'Open Sans',Arial,Helvetica;font-weight:800\" class=\"ts-custom-heading\">CREATIVE SOLUTIONS<\/h2>\n<\/div><\/div><\/div><\/div><\/div>\t\t\t<div class=\"ts-cta3-content-wrapper\">The leading company, with several successfully completed first applications and implementations of innovative technologies in T\u00fcrkiye.<\/div>\t\t\t\t\t<\/div><!-- .ts-ihbox-contents -->\n\t<\/div>\n<\/div>\n\n\t\t<\/div>\n\t<\/div>\n<\/div>\n\n\n<div class=\"ts-column-inner wpb_column vc_column_container vc_col-sm-4 ts-zindex-0\">\n\t<div class=\"vc_column-inner\">\n\t\t \n\t\t<div class=\"wpb_wrapper\">\n\t\t\t\n<div class=\"ts-ihbox ts-ihbox-style-3 ts-ihbox-itype-icon\">\n\t<div class=\"ts-sbox-bgimage-layer ts-bgimage-layer\"><\/div>\n\t<div class=\"ts-ihbox-wrapper-bg-layer ts-bg-layer\"><\/div>\n\n\t<div class=\"ts-ihbox-inner\">\n\t\t<div class=\"ts-ihbox-icon ts-large-icon ts-icon-skincolor\">\n\t\t\t<div class=\"ts-ihbox-icon-wrapper\"><i class=\"ts-industco-business-icon ts-industco-business-icon-maintenance\"><\/i><\/div>\t\t<\/div>\n\n\t\t<div class=\"ts-ihbox-contents\">\n\t\t\t<div class=\"ts-vc_general ts-vc_cta3 ts-cta3-only ts-vc_cta3-style-classic ts-vc_cta3-shape-rounded ts-vc_cta3-align-left ts-vc_cta3-color-transparent ts-vc_cta3-icon-size-md ts-vc_cta3-actions-no ts-cta3-without-desc\"><div class=\"ts-vc_cta3_content-container\"><div class=\"ts-vc_cta3-content\"><div class=\"ts-vc_cta3-content-header ts-wrap\"><div class=\"ts-vc_cta3-headers ts-wrap-cell\"><h2 style=\"color:#323031;font-family:'Open Sans',Arial,Helvetica;font-weight:800\" class=\"ts-custom-heading\">CREATIVE SOLUTIONS<\/h2>\n<\/div><\/div><\/div><\/div><\/div>\t\t\t<div class=\"ts-cta3-content-wrapper\">A company that aims to be among the best in the world in its sector.<\/div>\t\t\t\t\t<\/div><!-- .ts-ihbox-contents -->\n\t<\/div>\n<\/div>\n\n\t\t<\/div>\n\t<\/div>\n<\/div>\n\n<\/div>\n\n\n<div class=\"ts-row-inner vc_row wpb_row vc_inner vc_row-fluid ts-zindex-0\">\n\t\n<div class=\"ts-column-inner wpb_column vc_column_container vc_col-sm-12 ts-zindex-0\">\n\t<div class=\"vc_column-inner\">\n\t\t \n\t\t<div class=\"wpb_wrapper\">\n\t\t\t<div class=\"vc_empty_space\"   style=\"height: 32px\"><span class=\"vc_empty_space_inner\"><\/span><\/div>\n\t<div class=\"wpb_text_column wpb_content_element\" >\n\t\t<div class=\"wpb_wrapper\">\n\t\t\t<p><strong>\u00a0 \u00a0 \u00a0 \u00a0 \u00a0 ATLASYOL Yol Maden Pr oje \u0130n\u015faat A.\u015e.<\/strong> was founded by a team of engineers in 2011 to provide services in the fields of land and offshore heavy construction, infrastructure, and ground improvement. Today, Atlasyol provides its clients with a wide range of products and services, utilizing its experience in the international arena, broad knowledge base and expert in-house staff.<\/p>\n<p>Atlasyol, one of the leading players in the industry, offers integrated services and creates turnkey solutions from initial development stage through complete design to construction services, in cooperation with its group companies, Geoduvar and Sams. The experience gained by the group companies dates to 1996. The company differentiates itself in the industry by constantly improving its system and adopting to new ways of doing business together with its international partners, such as Huesker Synthetic GmbH, one of the world\u2019s best geosynthetic companies and a member of a group of companies with 160 years of experience. In the field of specialty chemicals, Atlasyol stands out with its solution partnerships with world-leading companies such as Clariant and Omya.<\/p>\n<p>As a company specialized in ground technologies, Atlasyol integrates innovative technologies in infrastructure projects with its in-depth knowledge in engineering and acts as a pioneer in implementing cost-effective and unique state-of-the-art solutions in T\u00fcrkiye.<\/p>\n<p>Atlasyol creates project-specific solutions with its in-house project group using new generation programs and applications methods. All the solutions methods are based on measurable, controllable, and warranted technologies. Atlasyol successfully carries out the applications in the projects with its wide range of job specific equipment and heavy machinery.<\/p>\n<p>Atlasyol achieves the most cost-effective and safe results in their analyses, by combining all estimation and analysis methods such as empirical methods, finite elements, and limit equilibrium together with their in-house developed software, as well as the internationally recognized package software applications.<\/p>\n<p>Blending its expertise and perfectionist approach with its experience and vision and reflecting it to its operations, Atlasyol maximizes customer satisfaction and establishes long-term relationships on the basis of sustainability and efficiency with its emphasis on quality assurance, sense of responsibility, commitment to ethical values, and attention to workers and workplace safety procedures.<\/p>\n<p style=\"padding-left: 40px;\">Atlasyol and Group Companies play a pioneering role in the design and application of various technologies in T\u00fcrkiye such as;<br \/>\n\u2022 Geotextile encased columns,<br \/>\n\u2022 Geotextile reinforced walls,<br \/>\n\u2022 Combined ground anchors + geosynthetic walls,<br \/>\n\u2022 Dewatering with geosynthetic tubes,<br \/>\n\u2022 Construction of breakwaters with geosynthetic tubes,<br \/>\n\u2022 Concrete coating of underwater slopes with geosynthetic mattresses<br \/>\nkaplanmas\u0131<\/p>\n<p>and have carried out the first underwater installation of geotextile encased columns in the world.<\/p>\n<p>Atlasyol and Group Companies carry out projects across T\u00fcrkiye and strengthen their international recognition as the project network expands to many countries such as Kazakhstan, Russia, Turkmenistan, Azerbaijan, Georgia, Libya, Germany, and Equatorial Guinea.   Creating geotechnical applications and solutions guided by science and technology, Atlasyol takes firm steps towards being among the top preferred companies in the world in its field.<\/p>\n\n\t\t<\/div>\n\t<\/div>\n\n\t<div class=\"wpb_text_column wpb_content_element\" >\n\t\t<div class=\"wpb_wrapper\">\n\t\t\t\n\t\t<\/div>\n\t<\/div>\n\t\t<\/div>\n\t<\/div>\n<\/div>\n\n<\/div>\n\n\t\t<\/div>\n\t<\/div>\n<\/div>\n\n\n\t<\/div>\n\n\n\n<div data-vc-full-width=\"true\" data-vc-full-width-init=\"false\" class=\"ts-row wpb_row vc_row-fluid vc_custom_1528202538237 vc_row-has-fill ts-total-col-1 ts-zindex-0 ts-textcolor-white ts-bgcolor-skincolor ts-bgimage-position-center_center ts-bg ts-bgimage-yes\">\n\n        \n\t\t\t<div class=\"ts-row-wrapper-bg-layer ts-bg-layer\"><\/div><!-- ThemeStek custom DIV added -->\n\t\n\t <div class=\"vc_row container\"> \n\t\t\n<div class=\"ts-column wpb_column vc_column_container vc_col-sm-12 ts-zindex-0\">\n\t<div class=\"vc_column-inner\">\n\t\t\t\t<div class=\"wpb_wrapper\">\n\t\t\t<div class=\"ts-element-heading-wrapper ts-heading-inner ts-element-align-center ts-seperator-none\"><section class=\"ts-vc_cta3-container\"><div class=\"ts-vc_general ts-vc_cta3 ts-cta3-only ts-vc_cta3-style-classic ts-vc_cta3-shape-rounded ts-vc_cta3-align-center ts-vc_cta3-color-transparent ts-vc_cta3-icon-size-md ts-vc_cta3-actions-no ts-cta3-without-desc\"><div class=\"ts-vc_cta3_content-container\"><div class=\"ts-vc_cta3-content\"><div class=\"ts-vc_cta3-content-header ts-wrap\"><div class=\"ts-vc_cta3-headers ts-wrap-cell\"><h2 style=\"color:#ffffff;font-family:'Open Sans',Arial,Helvetica;font-weight:800;\" class=\"ts-custom-heading\" >BAZI PROJELER\u0130M\u0130Z<\/h2>\n<\/div><\/div><\/div><\/div><\/div><\/section><\/div> <!-- .ts-element-heading-wrapper container --> \t\t<\/div>\n\t<\/div>\n<\/div>\n\n\n\t <\/div> <\/div>\n\n<div class=\"vc_row-full-width vc_clearfix\"><\/div>\n\n<div class=\"ts-row wpb_row vc_row-fluid ts-mt-10 vc_custom_1524559549606 ts-total-col-1 ts-zindex-0 vc_row container ts-bgimage-position-center_center\">\n\n        \n\t\n\t\n\t\t\n<div class=\"ts-column wpb_column vc_column_container vc_col-sm-12 ts-zindex-0\">\n\t<div class=\"vc_column-inner\">\n\t\t\t\t<div class=\"wpb_wrapper\">\n\t\t\t<div class=\"themestek-boxes themestek-boxes-portfolio themestek-boxes-view-default themestek-boxes-col-four themestek-boxes-sortable-no themestek-boxes-textalign-center themestek-boxes-sortablebutton-\">\n\t\t<div class=\"themestek-boxes-inner themestek-boxes-portfolio-inner\">\n\t\t\t\n\t\t\t<div class=\"row multi-columns-row themestek-boxes-row-wrapper\">\n\t\t\t\t<div class=\"ts-box-col-wrapper col-lg-3 col-sm-6 col-md-3 col-xs-12 atlasyol-projeler\"><article class=\"themestek-box themestek-box-portfolio ts-portfoliobox-style-2 themestek-box-view-overlay ts-hover-style-3\">\n\t<div class=\"themestek-post-item\">\n\t\t\n\t\t<span class=\"themestek-item-thumbnail\">\n\t\t\t<span class=\"themestek-item-thumbnail-inner\">\n\t\t\t\t<img width=\"800\" height=\"715\" src=\"https:\/\/atlasyol.com\/wp-content\/uploads\/2021\/05\/DJI_0126-800x715.jpg\" class=\"attachment-themestek-img-800x715 size-themestek-img-800x715 wp-post-image\" alt=\"\" loading=\"lazy\" \/>\n\t\t\t<\/span>\n\t\t<\/span>\t\t<div class=\"themestek-box-content themestek-overlay\">\n\t\t\t<div class=\"themestek-box-content-inner\">\t\t\t  \n\t\t\t\t<div class=\"themestek-pf-box-title\">\n\t\t\t\t\t<h3><a href=\"https:\/\/atlasyol.com\/en\/portfolio\/babaeski-kirklareli-dogal-afet-taskin-hasarlari-yapim-isi\/\">BABAESK\u0130 \/ KIRKLAREL\u0130 Natural Disaster Flood Damages Remediation Works<\/a><\/h3>\n\t\t\t\t\t<div class=\"themestek-box-category\"><a href=\"https:\/\/atlasyol.com\/en\/portfolio-category\/atlasyol-projeler\/\" rel=\"tag\">Atlasyol Projects<\/a><\/div>\n\t\t\t\t<\/div>\t\n\t\t\t\t<div class=\"themestek-icon-box themestek-media-link\">\n\t\t\t\t\t<a class=\"ts_prettyphoto\" title=\"BABAESK\u0130 \/ KIRKLAREL\u0130 Natural Disaster Flood Damages Remediation Works\" href=\"https:\/\/atlasyol.com\/wp-content\/uploads\/2021\/05\/DJI_0126-scaled.jpg\"><i class=\"demo-icon ts-industco-icon-resize-full\"><\/i><\/a>\t\t\t\t<\/div>\n            <\/div>\n\t\t<\/div>\n\t<\/div>\n<\/article><\/div><div class=\"ts-box-col-wrapper col-lg-3 col-sm-6 col-md-3 col-xs-12 atlasyol-projeler\"><article class=\"themestek-box themestek-box-portfolio ts-portfoliobox-style-2 themestek-box-view-overlay ts-hover-style-3\">\n\t<div class=\"themestek-post-item\">\n\t\t\n\t\t<span class=\"themestek-item-thumbnail\">\n\t\t\t<span class=\"themestek-item-thumbnail-inner\">\n\t\t\t\t<img width=\"800\" height=\"715\" src=\"https:\/\/atlasyol.com\/wp-content\/uploads\/2021\/05\/20180513_133242-800x715.jpg\" class=\"attachment-themestek-img-800x715 size-themestek-img-800x715 wp-post-image\" alt=\"\" loading=\"lazy\" \/>\n\t\t\t<\/span>\n\t\t<\/span>\t\t<div class=\"themestek-box-content themestek-overlay\">\n\t\t\t<div class=\"themestek-box-content-inner\">\t\t\t  \n\t\t\t\t<div class=\"themestek-pf-box-title\">\n\t\t\t\t\t<h3><a href=\"https:\/\/atlasyol.com\/en\/portfolio\/akhisar-cevreyolu-darbeli-kirmatas-kolon-yapim-isi\/\">Akhisar Interstate Highway Rammed Crushed Aggregate Stone Column Construction<\/a><\/h3>\n\t\t\t\t\t<div class=\"themestek-box-category\"><a href=\"https:\/\/atlasyol.com\/en\/portfolio-category\/atlasyol-projeler\/\" rel=\"tag\">Atlasyol Projects<\/a><\/div>\n\t\t\t\t<\/div>\t\n\t\t\t\t<div class=\"themestek-icon-box themestek-media-link\">\n\t\t\t\t\t<a class=\"ts_prettyphoto\" title=\"Akhisar Interstate Highway Rammed Crushed Aggregate Stone Column Construction\" href=\"https:\/\/atlasyol.com\/wp-content\/uploads\/2021\/05\/20180513_133242-scaled.jpg\"><i class=\"demo-icon ts-industco-icon-resize-full\"><\/i><\/a>\t\t\t\t<\/div>\n            <\/div>\n\t\t<\/div>\n\t<\/div>\n<\/article><\/div><div class=\"ts-box-col-wrapper col-lg-3 col-sm-6 col-md-3 col-xs-12 atlasyol-projeler\"><article class=\"themestek-box themestek-box-portfolio ts-portfoliobox-style-2 themestek-box-view-overlay ts-hover-style-3\">\n\t<div class=\"themestek-post-item\">\n\t\t\n\t\t<span class=\"themestek-item-thumbnail\">\n\t\t\t<span class=\"themestek-item-thumbnail-inner\">\n\t\t\t\t<img width=\"800\" height=\"715\" src=\"https:\/\/atlasyol.com\/wp-content\/uploads\/2020\/11\/Taskolon-Uygulamasi-Dekar-Kiyibahce-2-800x715.jpg\" class=\"attachment-themestek-img-800x715 size-themestek-img-800x715 wp-post-image\" alt=\"\" loading=\"lazy\" \/>\n\t\t\t<\/span>\n\t\t<\/span>\t\t<div class=\"themestek-box-content themestek-overlay\">\n\t\t\t<div class=\"themestek-box-content-inner\">\t\t\t  \n\t\t\t\t<div class=\"themestek-pf-box-title\">\n\t\t\t\t\t<h3><a href=\"https:\/\/atlasyol.com\/en\/portfolio\/dekar-kiyibahce-evleri-projesi-darbeli-kirmatas-kolon-yapim-isi\/\">Dekar K\u0131y\u0131bah\u00e7e Residential High Income Housing Project Rammed Crushed Stone Column Construction<\/a><\/h3>\n\t\t\t\t\t<div class=\"themestek-box-category\"><a href=\"https:\/\/atlasyol.com\/en\/portfolio-category\/atlasyol-projeler\/\" rel=\"tag\">Atlasyol Projects<\/a><\/div>\n\t\t\t\t<\/div>\t\n\t\t\t\t<div class=\"themestek-icon-box themestek-media-link\">\n\t\t\t\t\t<a class=\"ts_prettyphoto\" title=\"Dekar K\u0131y\u0131bah\u00e7e Residential High Income Housing Project Rammed Crushed Stone Column Construction\" href=\"https:\/\/atlasyol.com\/wp-content\/uploads\/2020\/11\/Taskolon-Uygulamasi-Dekar-Kiyibahce-2-scaled.jpg\"><i class=\"demo-icon ts-industco-icon-resize-full\"><\/i><\/a>\t\t\t\t<\/div>\n            <\/div>\n\t\t<\/div>\n\t<\/div>\n<\/article><\/div><div class=\"ts-box-col-wrapper col-lg-3 col-sm-6 col-md-3 col-xs-12 atlasyol-projeler\"><article class=\"themestek-box themestek-box-portfolio ts-portfoliobox-style-2 themestek-box-view-overlay ts-hover-style-3\">\n\t<div class=\"themestek-post-item\">\n\t\t\n\t\t<span class=\"themestek-item-thumbnail\">\n\t\t\t<span class=\"themestek-item-thumbnail-inner\">\n\t\t\t\t<img width=\"800\" height=\"715\" src=\"https:\/\/atlasyol.com\/wp-content\/uploads\/2020\/11\/Cimentolu-Kolon-Uygulamasi-KMO-Kalyon-Arnavutkoy-2-800x715.jpg\" class=\"attachment-themestek-img-800x715 size-themestek-img-800x715 wp-post-image\" alt=\"\" loading=\"lazy\" \/>\n\t\t\t<\/span>\n\t\t<\/span>\t\t<div class=\"themestek-box-content themestek-overlay\">\n\t\t\t<div class=\"themestek-box-content-inner\">\t\t\t  \n\t\t\t\t<div class=\"themestek-pf-box-title\">\n\t\t\t\t\t<h3><a href=\"https:\/\/atlasyol.com\/en\/portfolio\/kuzey-marmara-otoyolu-kesim-2-dusuk-dozaj-cimentolu-kolon-yapim-isi-2\/\">Northern Marmara Interstate Highway Section-2 Concrete Grout Column Construction<\/a><\/h3>\n\t\t\t\t\t<div class=\"themestek-box-category\"><a href=\"https:\/\/atlasyol.com\/en\/portfolio-category\/atlasyol-projeler\/\" rel=\"tag\">Atlasyol Projects<\/a><\/div>\n\t\t\t\t<\/div>\t\n\t\t\t\t<div class=\"themestek-icon-box themestek-media-link\">\n\t\t\t\t\t<a class=\"ts_prettyphoto\" title=\"Northern Marmara Interstate Highway Section-2 Concrete Grout Column Construction\" href=\"https:\/\/atlasyol.com\/wp-content\/uploads\/2020\/11\/Cimentolu-Kolon-Uygulamasi-KMO-Kalyon-Arnavutkoy-2.jpg\"><i class=\"demo-icon ts-industco-icon-resize-full\"><\/i><\/a>\t\t\t\t<\/div>\n            <\/div>\n\t\t<\/div>\n\t<\/div>\n<\/article><\/div>\n\t\t\t<\/div>\n\t\t<\/div><!-- .themestek-boxes-inner -->   <\/div><!-- .themestek-boxes -->  \t\t<\/div>\n\t<\/div>\n<\/div>\n\n\n\t<\/div>\n\n\n\n<div class=\"ts-row wpb_row vc_row-fluid ts-total-col-1 ts-zindex-0 vc_row container ts-bgimage-position-center_center\">\n\n        \n\t\n\t\n\t\t\n<div class=\"ts-column wpb_column vc_column_container vc_col-sm-12 ts-zindex-0\">\n\t<div class=\"vc_column-inner\">\n\t\t\t\t<div class=\"wpb_wrapper\">\n\t\t\t<div class=\"ts-element-heading-wrapper ts-heading-inner ts-element-align-center ts-seperator-none\"><section class=\"ts-vc_cta3-container\"><div class=\"ts-vc_general ts-vc_cta3 ts-cta3-only ts-vc_cta3-style-classic ts-vc_cta3-shape-rounded ts-vc_cta3-align-center ts-vc_cta3-color-transparent ts-vc_cta3-icon-size-md ts-vc_cta3-actions-no ts-cta3-without-desc\"><div class=\"ts-vc_cta3_content-container\"><div class=\"ts-vc_cta3-content\"><div class=\"ts-vc_cta3-content-header ts-wrap\"><div class=\"ts-vc_cta3-headers ts-wrap-cell\"><h2 style=\"color:#323031;font-family:'Open Sans',Arial,Helvetica;font-weight:800;\" class=\"ts-custom-heading\" >BA\u015eARI H\u0130KAYEM\u0130Z<\/h2>\n<\/div><\/div><\/div><\/div><\/div><\/section><\/div> <!-- .ts-element-heading-wrapper container --> \n<div class=\"ts-row-inner vc_row wpb_row vc_inner vc_row-fluid ts-zindex-0\">\n\t\n<div class=\"ts-column-inner wpb_column vc_column_container vc_col-sm-3 ts-zindex-0\">\n\t<div class=\"vc_column-inner\">\n\t\t \n\t\t<div class=\"wpb_wrapper\">\n\t\t\t\n<div class=\"ts-fid inside ts-fid-boxstyle-without-icon ts-fidbox-style-3\">\n\t<div class=\"ts-fld-contents\">\n\t\t<h3 class=\"ts-fid-inner\">\n\t\t\t\t\t\t<span\n\t\t\t\tdata-appear-animation = \"animateDigits\"\n\t\t\t\tdata-from             = \"0\"\n\t\t\t\tdata-to               = \"20\"\n\t\t\t\tdata-interval         = \"5\"\n\t\t\t\t>\n\t\t\t\t\t20\t\t\t<\/span>\n\t\t\t\t\t<\/h3>\n\t\t<h6 class=\"ts-fid-title\"><span>YEARS OF EXPERIENCE<br><\/span><\/h6>\n\t<\/div><!-- .ts-fld-contents -->\n<\/div>\n\n\t\t<\/div>\n\t<\/div>\n<\/div>\n\n\n<div class=\"ts-column-inner wpb_column vc_column_container vc_col-sm-3 ts-zindex-0\">\n\t<div class=\"vc_column-inner\">\n\t\t \n\t\t<div class=\"wpb_wrapper\">\n\t\t\t\n<div class=\"ts-fid inside ts-fid-boxstyle-without-icon ts-fidbox-style-3\">\n\t<div class=\"ts-fld-contents\">\n\t\t<h3 class=\"ts-fid-inner\">\n\t\t\t\t\t\t<span\n\t\t\t\tdata-appear-animation = \"animateDigits\"\n\t\t\t\tdata-from             = \"0\"\n\t\t\t\tdata-to               = \"253\"\n\t\t\t\tdata-interval         = \"5\"\n\t\t\t\t>\n\t\t\t\t\t253\t\t\t<\/span>\n\t\t\t\t\t<\/h3>\n\t\t<h6 class=\"ts-fid-title\"><span>COMPLETED ProjeCTS<br><\/span><\/h6>\n\t<\/div><!-- .ts-fld-contents -->\n<\/div>\n\n\t\t<\/div>\n\t<\/div>\n<\/div>\n\n\n<div class=\"ts-column-inner wpb_column vc_column_container vc_col-sm-3 ts-zindex-0\">\n\t<div class=\"vc_column-inner\">\n\t\t \n\t\t<div class=\"wpb_wrapper\">\n\t\t\t\n<div class=\"ts-fid inside ts-fid-boxstyle-without-icon ts-fidbox-style-3\">\n\t<div class=\"ts-fld-contents\">\n\t\t<h3 class=\"ts-fid-inner\">\n\t\t\t\t\t\t<span\n\t\t\t\tdata-appear-animation = \"animateDigits\"\n\t\t\t\tdata-from             = \"0\"\n\t\t\t\tdata-to               = \"6\"\n\t\t\t\tdata-interval         = \"5\"\n\t\t\t\t>\n\t\t\t\t\t6\t\t\t<\/span>\n\t\t\t\t\t<\/h3>\n\t\t<h6 class=\"ts-fid-title\"><span>ONGOING ProjeCTS<br><\/span><\/h6>\n\t<\/div><!-- .ts-fld-contents -->\n<\/div>\n\n\t\t<\/div>\n\t<\/div>\n<\/div>\n\n\n<div class=\"ts-column-inner wpb_column vc_column_container vc_col-sm-3 ts-zindex-0\">\n\t<div class=\"vc_column-inner\">\n\t\t \n\t\t<div class=\"wpb_wrapper\">\n\t\t\t\n<div class=\"ts-fid inside ts-fid-boxstyle-without-icon ts-fidbox-style-3\">\n\t<div class=\"ts-fld-contents\">\n\t\t<h3 class=\"ts-fid-inner\">\n\t\t\t\t\t\t<span\n\t\t\t\tdata-appear-animation = \"animateDigits\"\n\t\t\t\tdata-from             = \"0\"\n\t\t\t\tdata-to               = \"278\"\n\t\t\t\tdata-interval         = \"5\"\n\t\t\t\t>\n\t\t\t\t\t278\t\t\t<\/span>\n\t\t\t\t\t<\/h3>\n\t\t<h6 class=\"ts-fid-title\"><span>HAPPY EMPLOYEES<br><\/span><\/h6>\n\t<\/div><!-- .ts-fld-contents -->\n<\/div>\n\n\t\t<\/div>\n\t<\/div>\n<\/div>\n\n<\/div>\n\n\t\t<\/div>\n\t<\/div>\n<\/div>\n\n\n\t<\/div>","protected":false},"excerpt":{"rendered":"&nbsp; &nbsp; &nbsp; &nbsp; Proje kapsam\u0131nda 2 adet ta\u015f kolon makinesi kullan\u0131larak 135.000 metret\u00fcl d\u00fc\u015f\u00fck dozajl\u0131 \u00e7imento\u00a0 kolon imalat\u0131 ger\u00e7ekle\u015ftirilmi\u015ftir. &nbsp; &nbsp; FOTO GALER\u0130","protected":false},"author":1,"featured_media":0,"parent":0,"menu_order":9,"comment_status":"closed","ping_status":"closed","template":"","meta":[],"_links":{"self":[{"href":"https:\/\/atlasyol.com\/en\/wp-json\/wp\/v2\/pages\/7918"}],"collection":[{"href":"https:\/\/atlasyol.com\/en\/wp-json\/wp\/v2\/pages"}],"about":[{"href":"https:\/\/atlasyol.com\/en\/wp-json\/wp\/v2\/types\/page"}],"author":[{"embeddable":true,"href":"https:\/\/atlasyol.com\/en\/wp-json\/wp\/v2\/users\/1"}],"replies":[{"embeddable":true,"href":"https:\/\/atlasyol.com\/en\/wp-json\/wp\/v2\/comments?post=7918"}],"version-history":[{"count":28,"href":"https:\/\/atlasyol.com\/en\/wp-json\/wp\/v2\/pages\/7918\/revisions"}],"predecessor-version":[{"id":8541,"href":"https:\/\/atlasyol.com\/en\/wp-json\/wp\/v2\/pages\/7918\/revisions\/8541"}],"wp:attachment":[{"href":"https:\/\/atlasyol.com\/en\/wp-json\/wp\/v2\/media?parent=7918"}],"curies":[{"name":"wp","href":"https:\/\/api.w.org\/{rel}","templated":true}]}}